{"id":7886,"date":"2024-03-20T12:42:07","date_gmt":"2024-03-20T11:42:07","guid":{"rendered":"https:\/\/oceanicafilms.com\/les-valenciens-dans-le-monde\/"},"modified":"2024-03-21T13:24:23","modified_gmt":"2024-03-21T12:24:23","slug":"les-valenciens-dans-le-monde","status":"publish","type":"page","link":"https:\/\/oceanicafilms.com\/fr\/les-valenciens-dans-le-monde\/","title":{"rendered":"LES VALENCIENS DANS LE MONDE"},"content":{"rendered":"<p>[et_pb_section fb_built=&nbsp;&raquo;1&Prime; admin_label=&nbsp;&raquo;Header&nbsp;&raquo; _builder_version=&nbsp;&raquo;4.20.0&Prime; _module_preset=&nbsp;&raquo;default&nbsp;&raquo; locked=&nbsp;&raquo;off&nbsp;&raquo; collapsed=&nbsp;&raquo;on&nbsp;&raquo; global_colors_info=&nbsp;&raquo;{}&nbsp;&raquo;][et_pb_row _builder_version=&nbsp;&raquo;4.20.0&Prime; _module_preset=&nbsp;&raquo;default&nbsp;&raquo; global_colors_info=&nbsp;&raquo;{}&nbsp;&raquo;][et_pb_column type=&nbsp;&raquo;4_4&Prime; _builder_version=&nbsp;&raquo;4.20.0&Prime; _module_preset=&nbsp;&raquo;default&nbsp;&raquo; global_colors_info=&nbsp;&raquo;{}&nbsp;&raquo;][et_pb_text _builder_version=&nbsp;&raquo;4.21.0&Prime; _module_preset=&nbsp;&raquo;efac0e8a-ad5c-445e-9b2e-f64c8d7daf30&Prime; custom_margin=&nbsp;&raquo;||10px||false|false&nbsp;&raquo; global_colors_info=&nbsp;&raquo;{}&nbsp;&raquo;]<\/p>\n<h1 style=\"text-align: center;\">LES VALENCIENS DANS LE MONDE<\/h1>\n<p>[\/et_pb_text][et_pb_text _builder_version=&nbsp;&raquo;4.20.0&Prime; _module_preset=&nbsp;&raquo;703f23f9-76f7-4fcf-9722-dd5d8c89b3a5&Prime; custom_padding=&nbsp;&raquo;2px|||||&nbsp;&raquo; global_colors_info=&nbsp;&raquo;{}&nbsp;&raquo;]<\/p>\n<p><span><\/span><span><span style=\"font-weight: 400;\">Une \u00e9quipe de reporters voyage pour voir comment les Valenciens vivent \u00e0 l&rsquo;\u00e9tranger et montre ce qui est le plus embl\u00e9matique des villes o\u00f9 ils sont all\u00e9s vivre.<\/span><\/span><\/p>\n<p>[\/et_pb_text][\/et_pb_column][\/et_pb_row][et_pb_row column_structure=&nbsp;&raquo;1_2,1_2&Prime; _builder_version=&nbsp;&raquo;4.20.0&Prime; _module_preset=&nbsp;&raquo;default&nbsp;&raquo; locked=&nbsp;&raquo;off&nbsp;&raquo; global_colors_info=&nbsp;&raquo;{}&nbsp;&raquo;][et_pb_column type=&nbsp;&raquo;1_2&Prime; _builder_version=&nbsp;&raquo;4.20.0&Prime; _module_preset=&nbsp;&raquo;default&nbsp;&raquo; custom_padding_tablet=&nbsp;&raquo;||30px||false|false&nbsp;&raquo; custom_padding_phone=&nbsp;&raquo;||30px||false|false&nbsp;&raquo; custom_padding_last_edited=&nbsp;&raquo;on|tablet&nbsp;&raquo; global_colors_info=&nbsp;&raquo;{}&nbsp;&raquo;][et_pb_image src=&nbsp;&raquo;https:\/\/oceanicafilms.com\/wp-content\/uploads\/2024\/03\/Portada-Valencians-al-mon-1.jpg&nbsp;&raquo; title_text=&nbsp;&raquo;Accueil Les Valenciens dans le monde&nbsp;&raquo; show_in_lightbox=&nbsp;&raquo;on&nbsp;&raquo; use_overlay=&nbsp;&raquo;on&nbsp;&raquo; overlay_icon_color=&nbsp;&raquo;#000000&Prime; hover_overlay_color=&nbsp;&raquo;RGBA(255,255,255,0)&nbsp;&raquo; hover_icon=&nbsp;&raquo;&#xf00e;||fa||900&Prime; _builder_version=&nbsp;&raquo;4.23.4&Prime; _module_preset=&nbsp;&raquo;default&nbsp;&raquo; background_color=&nbsp;&raquo;rgba(0,0,0,0.04)&nbsp;&raquo; custom_margin=&nbsp;&raquo;||||false|false&nbsp;&raquo; box_shadow_style=&nbsp;&raquo;preset4&Prime; box_shadow_horizontal=&nbsp;&raquo;0px&nbsp;&raquo; box_shadow_vertical=&nbsp;&raquo;0px&nbsp;&raquo; box_shadow_color=&nbsp;&raquo;rgba(0,0,0,0.05)&nbsp;&raquo; global_colors_info=&nbsp;&raquo;{}&nbsp;&raquo; custom_padding__hover_enabled=&nbsp;&raquo;off|hover&nbsp;&raquo; custom_padding__hover=&nbsp;&raquo;50px|50px|50px|50px|true|true&nbsp;&raquo; box_shadow_vertical__hover_enabled=&nbsp;&raquo;off|hover&nbsp;&raquo; box_shadow_blur__hover_enabled=&nbsp;&raquo;off|hover&nbsp;&raquo; box_shadow_blur__hover=&nbsp;&raquo;0px&nbsp;&raquo; box_shadow_color__hover_enabled=&nbsp;&raquo;off|hover&nbsp;&raquo; box_shadow_color__hover=&nbsp;&raquo;rgba(0,0,0,0.3)&nbsp;&raquo; custom_margin__hover_enabled=&nbsp;&raquo;off|hover&nbsp;&raquo; custom_margin__hover=&nbsp;&raquo;||62px||false|false&nbsp;&raquo; transform_styles__hover_enabled=&nbsp;&raquo;on|hover&nbsp;&raquo; transform_scale__hover_enabled=&nbsp;&raquo;on|hover&nbsp;&raquo; transform_translate__hover_enabled=&nbsp;&raquo;on|desktop&nbsp;&raquo; transform_rotate__hover_enabled=&nbsp;&raquo;on|desktop&nbsp;&raquo; transform_skew__hover_enabled=&nbsp;&raquo;on|desktop&nbsp;&raquo; transform_origin__hover_enabled=&nbsp;&raquo;on|desktop&nbsp;&raquo; transform_scale__hover=&nbsp;&raquo;90%|90%&nbsp;&raquo; box_shadow_spread__hover_enabled=&nbsp;&raquo;on|hover&nbsp;&raquo; box_shadow_spread__hover=&nbsp;&raquo;30px&nbsp;&raquo;][\/et_pb_image][\/et_pb_column][et_pb_column type=&nbsp;&raquo;1_2&Prime; _builder_version=&nbsp;&raquo;4.20.0&Prime; _module_preset=&nbsp;&raquo;default&nbsp;&raquo; global_colors_info=&nbsp;&raquo;{}&nbsp;&raquo;][et_pb_text _builder_version=&nbsp;&raquo;4.21.0&Prime; _module_preset=&nbsp;&raquo;default&nbsp;&raquo; global_colors_info=&nbsp;&raquo;{}&nbsp;&raquo;]<\/p>\n<p><strong>Soci\u00e9t\u00e9 de production :<\/strong><span> \u00c1 Punt Media, Oce\u00e1nica Films, S.L &amp; La Cometa TV<br \/><\/span><span><\/span><strong>Ann\u00e9e de production :<\/strong><span> 2023<\/span> <\/p>\n<p>[\/et_pb_text][\/et_pb_column][\/et_pb_row][et_pb_row _builder_version=&nbsp;&raquo;4.21.0&Prime; _module_preset=&nbsp;&raquo;default&nbsp;&raquo; global_colors_info=&nbsp;&raquo;{}&nbsp;&raquo;][et_pb_column type=&nbsp;&raquo;4_4&Prime; _builder_version=&nbsp;&raquo;4.21.0&Prime; _module_preset=&nbsp;&raquo;default&nbsp;&raquo; global_colors_info=&nbsp;&raquo;{}&nbsp;&raquo;][\/et_pb_column][\/et_pb_row][\/et_pb_section]<\/p>\n","protected":false},"excerpt":{"rendered":"<p>LES VALENCIENS DANS LE MONDEUne \u00e9quipe de reporters voyage pour voir comment les Valenciens vivent \u00e0 l&rsquo;\u00e9tranger et montre ce qui est le plus embl\u00e9matique des villes o\u00f9 ils sont all\u00e9s vivre.Soci\u00e9t\u00e9 de production : \u00c1 Punt Media, Oce\u00e1nica Films, S.L &amp; La Cometa TVAnn\u00e9e de production : 2023<\/p>\n","protected":false},"author":3,"featured_media":0,"parent":0,"menu_order":0,"comment_status":"closed","ping_status":"closed","template":"","meta":{"_et_pb_use_builder":"on","_et_pb_old_content":"","_et_gb_content_width":"","footnotes":""},"class_list":["post-7886","page","type-page","status-publish","hentry"],"yoast_head":"<!-- This site is optimized with the Yoast SEO plugin v24.5 - https:\/\/yoast.com\/wordpress\/plugins\/seo\/ -->\n<title>LES VALENCIENS DANS LE MONDE - Oce\u00e1nica Films<\/title>\n<meta name=\"robots\" content=\"index, follow, max-snippet:-1, max-image-preview:large, max-video-preview:-1\" \/>\n<link rel=\"canonical\" href=\"https:\/\/oceanicafilms.com\/fr\/les-valenciens-dans-le-monde\/\" \/>\n<meta property=\"og:locale\" content=\"fr_FR\" \/>\n<meta property=\"og:type\" content=\"article\" \/>\n<meta property=\"og:title\" content=\"LES VALENCIENS DANS LE MONDE - Oce\u00e1nica Films\" \/>\n<meta property=\"og:description\" content=\"LES VALENCIENS DANS LE MONDEUne \u00e9quipe de reporters voyage pour voir comment les Valenciens vivent \u00e0 l&#039;\u00e9tranger et montre ce qui est le plus embl\u00e9matique des villes o\u00f9 ils sont all\u00e9s vivre.Soci\u00e9t\u00e9 de production : \u00c1 Punt Media, Oce\u00e1nica Films, S.L &amp; La Cometa TVAnn\u00e9e de production : 2023\" \/>\n<meta property=\"og:url\" content=\"https:\/\/oceanicafilms.com\/fr\/les-valenciens-dans-le-monde\/\" \/>\n<meta property=\"og:site_name\" content=\"Oce\u00e1nica Films\" \/>\n<meta property=\"article:publisher\" content=\"https:\/\/www.facebook.com\/oceanicaproducciones\" \/>\n<meta property=\"article:modified_time\" content=\"2024-03-21T12:24:23+00:00\" \/>\n<meta name=\"twitter:card\" content=\"summary_large_image\" \/>\n<meta name=\"twitter:site\" content=\"@oceanica_films\" \/>\n<meta name=\"twitter:label1\" content=\"Dur\u00e9e de lecture estim\u00e9e\" \/>\n\t<meta name=\"twitter:data1\" content=\"2 minutes\" \/>\n<script type=\"application\/ld+json\" class=\"yoast-schema-graph\">{\"@context\":\"https:\/\/schema.org\",\"@graph\":[{\"@type\":\"WebPage\",\"@id\":\"https:\/\/oceanicafilms.com\/fr\/les-valenciens-dans-le-monde\/\",\"url\":\"https:\/\/oceanicafilms.com\/fr\/les-valenciens-dans-le-monde\/\",\"name\":\"LES VALENCIENS DANS LE MONDE - Oce\u00e1nica Films\",\"isPartOf\":{\"@id\":\"https:\/\/oceanicafilms.com\/fr\/#website\"},\"datePublished\":\"2024-03-20T11:42:07+00:00\",\"dateModified\":\"2024-03-21T12:24:23+00:00\",\"breadcrumb\":{\"@id\":\"https:\/\/oceanicafilms.com\/fr\/les-valenciens-dans-le-monde\/#breadcrumb\"},\"inLanguage\":\"fr-FR\",\"potentialAction\":[{\"@type\":\"ReadAction\",\"target\":[\"https:\/\/oceanicafilms.com\/fr\/les-valenciens-dans-le-monde\/\"]}]},{\"@type\":\"BreadcrumbList\",\"@id\":\"https:\/\/oceanicafilms.com\/fr\/les-valenciens-dans-le-monde\/#breadcrumb\",\"itemListElement\":[{\"@type\":\"ListItem\",\"position\":1,\"name\":\"Portada\",\"item\":\"https:\/\/oceanicafilms.com\/fr\/accueil\/\"},{\"@type\":\"ListItem\",\"position\":2,\"name\":\"LES VALENCIENS DANS LE MONDE\"}]},{\"@type\":\"WebSite\",\"@id\":\"https:\/\/oceanicafilms.com\/fr\/#website\",\"url\":\"https:\/\/oceanicafilms.com\/fr\/\",\"name\":\"Oce\u00e1nica Films\",\"description\":\"Productora Audiovisual\",\"publisher\":{\"@id\":\"https:\/\/oceanicafilms.com\/fr\/#organization\"},\"potentialAction\":[{\"@type\":\"SearchAction\",\"target\":{\"@type\":\"EntryPoint\",\"urlTemplate\":\"https:\/\/oceanicafilms.com\/fr\/?s={search_term_string}\"},\"query-input\":{\"@type\":\"PropertyValueSpecification\",\"valueRequired\":true,\"valueName\":\"search_term_string\"}}],\"inLanguage\":\"fr-FR\"},{\"@type\":\"Organization\",\"@id\":\"https:\/\/oceanicafilms.com\/fr\/#organization\",\"name\":\"Oce\u00e1nica Films\",\"url\":\"https:\/\/oceanicafilms.com\/fr\/\",\"logo\":{\"@type\":\"ImageObject\",\"inLanguage\":\"fr-FR\",\"@id\":\"https:\/\/oceanicafilms.com\/fr\/#\/schema\/logo\/image\/\",\"url\":\"https:\/\/oceanicafilms.com\/wp-content\/uploads\/2023\/05\/Logo-OCEANICA-FILMS-DEF_negro_ALPHA.png\",\"contentUrl\":\"https:\/\/oceanicafilms.com\/wp-content\/uploads\/2023\/05\/Logo-OCEANICA-FILMS-DEF_negro_ALPHA.png\",\"width\":3037,\"height\":1512,\"caption\":\"Oce\u00e1nica Films\"},\"image\":{\"@id\":\"https:\/\/oceanicafilms.com\/fr\/#\/schema\/logo\/image\/\"},\"sameAs\":[\"https:\/\/www.facebook.com\/oceanicaproducciones\",\"https:\/\/x.com\/oceanica_films\",\"https:\/\/www.linkedin.com\/company\/ocenica-producciones\/\",\"https:\/\/www.instagram.com\/oceanica_films\/\",\"https:\/\/www.youtube.com\/@oceanicafilms\"]}]}<\/script>\n<!-- \/ Yoast SEO plugin. -->","yoast_head_json":{"title":"LES VALENCIENS DANS LE MONDE - Oce\u00e1nica Films","robots":{"index":"index","follow":"follow","max-snippet":"max-snippet:-1","max-image-preview":"max-image-preview:large","max-video-preview":"max-video-preview:-1"},"canonical":"https:\/\/oceanicafilms.com\/fr\/les-valenciens-dans-le-monde\/","og_locale":"fr_FR","og_type":"article","og_title":"LES VALENCIENS DANS LE MONDE - Oce\u00e1nica Films","og_description":"LES VALENCIENS DANS LE MONDEUne \u00e9quipe de reporters voyage pour voir comment les Valenciens vivent \u00e0 l'\u00e9tranger et montre ce qui est le plus embl\u00e9matique des villes o\u00f9 ils sont all\u00e9s vivre.Soci\u00e9t\u00e9 de production : \u00c1 Punt Media, Oce\u00e1nica Films, S.L &amp; La Cometa TVAnn\u00e9e de production : 2023","og_url":"https:\/\/oceanicafilms.com\/fr\/les-valenciens-dans-le-monde\/","og_site_name":"Oce\u00e1nica Films","article_publisher":"https:\/\/www.facebook.com\/oceanicaproducciones","article_modified_time":"2024-03-21T12:24:23+00:00","twitter_card":"summary_large_image","twitter_site":"@oceanica_films","twitter_misc":{"Dur\u00e9e de lecture estim\u00e9e":"2 minutes"},"schema":{"@context":"https:\/\/schema.org","@graph":[{"@type":"WebPage","@id":"https:\/\/oceanicafilms.com\/fr\/les-valenciens-dans-le-monde\/","url":"https:\/\/oceanicafilms.com\/fr\/les-valenciens-dans-le-monde\/","name":"LES VALENCIENS DANS LE MONDE - Oce\u00e1nica Films","isPartOf":{"@id":"https:\/\/oceanicafilms.com\/fr\/#website"},"datePublished":"2024-03-20T11:42:07+00:00","dateModified":"2024-03-21T12:24:23+00:00","breadcrumb":{"@id":"https:\/\/oceanicafilms.com\/fr\/les-valenciens-dans-le-monde\/#breadcrumb"},"inLanguage":"fr-FR","potentialAction":[{"@type":"ReadAction","target":["https:\/\/oceanicafilms.com\/fr\/les-valenciens-dans-le-monde\/"]}]},{"@type":"BreadcrumbList","@id":"https:\/\/oceanicafilms.com\/fr\/les-valenciens-dans-le-monde\/#breadcrumb","itemListElement":[{"@type":"ListItem","position":1,"name":"Portada","item":"https:\/\/oceanicafilms.com\/fr\/accueil\/"},{"@type":"ListItem","position":2,"name":"LES VALENCIENS DANS LE MONDE"}]},{"@type":"WebSite","@id":"https:\/\/oceanicafilms.com\/fr\/#website","url":"https:\/\/oceanicafilms.com\/fr\/","name":"Oce\u00e1nica Films","description":"Productora Audiovisual","publisher":{"@id":"https:\/\/oceanicafilms.com\/fr\/#organization"},"potentialAction":[{"@type":"SearchAction","target":{"@type":"EntryPoint","urlTemplate":"https:\/\/oceanicafilms.com\/fr\/?s={search_term_string}"},"query-input":{"@type":"PropertyValueSpecification","valueRequired":true,"valueName":"search_term_string"}}],"inLanguage":"fr-FR"},{"@type":"Organization","@id":"https:\/\/oceanicafilms.com\/fr\/#organization","name":"Oce\u00e1nica Films","url":"https:\/\/oceanicafilms.com\/fr\/","logo":{"@type":"ImageObject","inLanguage":"fr-FR","@id":"https:\/\/oceanicafilms.com\/fr\/#\/schema\/logo\/image\/","url":"https:\/\/oceanicafilms.com\/wp-content\/uploads\/2023\/05\/Logo-OCEANICA-FILMS-DEF_negro_ALPHA.png","contentUrl":"https:\/\/oceanicafilms.com\/wp-content\/uploads\/2023\/05\/Logo-OCEANICA-FILMS-DEF_negro_ALPHA.png","width":3037,"height":1512,"caption":"Oce\u00e1nica Films"},"image":{"@id":"https:\/\/oceanicafilms.com\/fr\/#\/schema\/logo\/image\/"},"sameAs":["https:\/\/www.facebook.com\/oceanicaproducciones","https:\/\/x.com\/oceanica_films","https:\/\/www.linkedin.com\/company\/ocenica-producciones\/","https:\/\/www.instagram.com\/oceanica_films\/","https:\/\/www.youtube.com\/@oceanicafilms"]}]}},"_links":{"self":[{"href":"https:\/\/oceanicafilms.com\/fr\/wp-json\/wp\/v2\/pages\/7886","targetHints":{"allow":["GET"]}}],"collection":[{"href":"https:\/\/oceanicafilms.com\/fr\/wp-json\/wp\/v2\/pages"}],"about":[{"href":"https:\/\/oceanicafilms.com\/fr\/wp-json\/wp\/v2\/types\/page"}],"author":[{"embeddable":true,"href":"https:\/\/oceanicafilms.com\/fr\/wp-json\/wp\/v2\/users\/3"}],"replies":[{"embeddable":true,"href":"https:\/\/oceanicafilms.com\/fr\/wp-json\/wp\/v2\/comments?post=7886"}],"version-history":[{"count":5,"href":"https:\/\/oceanicafilms.com\/fr\/wp-json\/wp\/v2\/pages\/7886\/revisions"}],"predecessor-version":[{"id":7891,"href":"https:\/\/oceanicafilms.com\/fr\/wp-json\/wp\/v2\/pages\/7886\/revisions\/7891"}],"wp:attachment":[{"href":"https:\/\/oceanicafilms.com\/fr\/wp-json\/wp\/v2\/media?parent=7886"}],"curies":[{"name":"wp","href":"https:\/\/api.w.org\/{rel}","templated":true}]}}