{"id":7748,"date":"2023-08-07T13:28:53","date_gmt":"2023-08-07T11:28:53","guid":{"rendered":"https:\/\/oceanicafilms.com\/solo\/"},"modified":"2024-02-01T14:20:09","modified_gmt":"2024-02-01T13:20:09","slug":"solo","status":"publish","type":"page","link":"https:\/\/oceanicafilms.com\/fr\/solo\/","title":{"rendered":"SOLO"},"content":{"rendered":"<p>[et_pb_section fb_built=&nbsp;&raquo;1&Prime; admin_label=&nbsp;&raquo;Header&nbsp;&raquo; _builder_version=&nbsp;&raquo;4.20.0&Prime; _module_preset=&nbsp;&raquo;default&nbsp;&raquo; locked=&nbsp;&raquo;off&nbsp;&raquo; collapsed=&nbsp;&raquo;on&nbsp;&raquo; global_colors_info=&nbsp;&raquo;{}&nbsp;&raquo;][et_pb_row _builder_version=&nbsp;&raquo;4.20.0&Prime; _module_preset=&nbsp;&raquo;default&nbsp;&raquo; global_colors_info=&nbsp;&raquo;{}&nbsp;&raquo;][et_pb_column type=&nbsp;&raquo;4_4&Prime; _builder_version=&nbsp;&raquo;4.20.0&Prime; _module_preset=&nbsp;&raquo;default&nbsp;&raquo; global_colors_info=&nbsp;&raquo;{}&nbsp;&raquo;][et_pb_text _builder_version=&nbsp;&raquo;4.21.0&Prime; _module_preset=&nbsp;&raquo;efac0e8a-ad5c-445e-9b2e-f64c8d7daf30&Prime; custom_margin=&nbsp;&raquo;||10px||false|false&nbsp;&raquo; global_colors_info=&nbsp;&raquo;{}&nbsp;&raquo;]<\/p>\n<h1 style=\"text-align: center;\">SOLO<\/h1>\n<p>[\/et_pb_text][et_pb_text _builder_version=&nbsp;&raquo;4.20.0&Prime; _module_preset=&nbsp;&raquo;703f23f9-76f7-4fcf-9722-dd5d8c89b3a5&Prime; global_colors_info=&nbsp;&raquo;{}&nbsp;&raquo;]<\/p>\n<p><span>Juan, un ancien commandant d&rsquo;infanterie \u00e2g\u00e9 de 105 ans, vit seul dans sa maison et s&rsquo;occupe de ses repas quotidiens et de ses soins sans l&rsquo;aide de personne. Chaque jour, gr\u00e2ce \u00e0 sa canne, il n\u00e9gocie une autoroute pour se rendre au supermarch\u00e9.<br \/>Bien que John ait \u00e9t\u00e9 heureux en m\u00e9nage, sa femme est d\u00e9c\u00e9d\u00e9e, de m\u00eame que ses amis et sa famille. <\/span><span>Cependant, la vie de John comporte aussi des souvenirs heureux. Et il les rappelle Solo.<\/span><\/p>\n<p>[\/et_pb_text][\/et_pb_column][\/et_pb_row][et_pb_row column_structure=&nbsp;&raquo;1_2,1_2&Prime; _builder_version=&nbsp;&raquo;4.20.0&Prime; _module_preset=&nbsp;&raquo;default&nbsp;&raquo; locked=&nbsp;&raquo;off&nbsp;&raquo; global_colors_info=&nbsp;&raquo;{}&nbsp;&raquo;][et_pb_column type=&nbsp;&raquo;1_2&Prime; _builder_version=&nbsp;&raquo;4.20.0&Prime; _module_preset=&nbsp;&raquo;default&nbsp;&raquo; custom_padding_tablet=&nbsp;&raquo;||30px||false|false&nbsp;&raquo; custom_padding_phone=&nbsp;&raquo;||30px||false|false&nbsp;&raquo; custom_padding_last_edited=&nbsp;&raquo;on|tablet&nbsp;&raquo; global_colors_info=&nbsp;&raquo;{}&nbsp;&raquo;][et_pb_image src=&nbsp;&raquo;https:\/\/oceanicafilms.com\/wp-content\/uploads\/2023\/06\/CARTEL-SOLO.png&nbsp;&raquo; title_text=&nbsp;&raquo;POSTER SOLO&nbsp;&raquo; show_in_lightbox=&nbsp;&raquo;on&nbsp;&raquo; use_overlay=&nbsp;&raquo;on&nbsp;&raquo; overlay_icon_color=&nbsp;&raquo;#000000&Prime; hover_overlay_color=&nbsp;&raquo;RGBA(255,255,255,0)&nbsp;&raquo; hover_icon=&nbsp;&raquo;&#xf00e;||fa||900&Prime; _builder_version=&nbsp;&raquo;4.21.0&Prime; _module_preset=&nbsp;&raquo;default&nbsp;&raquo; background_color=&nbsp;&raquo;rgba(0,0,0,0.04)&nbsp;&raquo; custom_margin=&nbsp;&raquo;||||false|false&nbsp;&raquo; box_shadow_style=&nbsp;&raquo;preset4&Prime; box_shadow_horizontal=&nbsp;&raquo;0px&nbsp;&raquo; box_shadow_vertical=&nbsp;&raquo;0px&nbsp;&raquo; box_shadow_color=&nbsp;&raquo;rgba(0,0,0,0.05)&nbsp;&raquo; global_colors_info=&nbsp;&raquo;{}&nbsp;&raquo; custom_padding__hover_enabled=&nbsp;&raquo;off|hover&nbsp;&raquo; custom_padding__hover=&nbsp;&raquo;50px|50px|50px|50px|true|true&nbsp;&raquo; box_shadow_vertical__hover_enabled=&nbsp;&raquo;off|hover&nbsp;&raquo; box_shadow_blur__hover_enabled=&nbsp;&raquo;off|hover&nbsp;&raquo; box_shadow_blur__hover=&nbsp;&raquo;0px&nbsp;&raquo; box_shadow_color__hover_enabled=&nbsp;&raquo;off|hover&nbsp;&raquo; box_shadow_color__hover=&nbsp;&raquo;rgba(0,0,0,0.3)&nbsp;&raquo; custom_margin__hover_enabled=&nbsp;&raquo;off|hover&nbsp;&raquo; custom_margin__hover=&nbsp;&raquo;||62px||false|false&nbsp;&raquo; transform_styles__hover_enabled=&nbsp;&raquo;on|hover&nbsp;&raquo; transform_scale__hover_enabled=&nbsp;&raquo;on|hover&nbsp;&raquo; transform_translate__hover_enabled=&nbsp;&raquo;on|desktop&nbsp;&raquo; transform_rotate__hover_enabled=&nbsp;&raquo;on|desktop&nbsp;&raquo; transform_skew__hover_enabled=&nbsp;&raquo;on|desktop&nbsp;&raquo; transform_origin__hover_enabled=&nbsp;&raquo;on|desktop&nbsp;&raquo; transform_scale__hover=&nbsp;&raquo;90%|90%&nbsp;&raquo; box_shadow_spread__hover_enabled=&nbsp;&raquo;on|hover&nbsp;&raquo; box_shadow_spread__hover=&nbsp;&raquo;30px&nbsp;&raquo;][\/et_pb_image][\/et_pb_column][et_pb_column type=&nbsp;&raquo;1_2&Prime; _builder_version=&nbsp;&raquo;4.20.0&Prime; _module_preset=&nbsp;&raquo;default&nbsp;&raquo; global_colors_info=&nbsp;&raquo;{}&nbsp;&raquo;][et_pb_text _builder_version=&nbsp;&raquo;4.21.0&Prime; _module_preset=&nbsp;&raquo;default&nbsp;&raquo; global_colors_info=&nbsp;&raquo;{}&nbsp;&raquo;]<\/p>\n<p><strong>Soci\u00e9t\u00e9 de production :<\/strong><span>Oce\u00e1nica Films, S.L<br \/><\/span><a class=\"ipc-metadata-list-item__list-content-item ipc-metadata-list-item__list-content-item--link\" role=\"button\" aria-disabled=\"false\" href=\"https:\/\/www.imdb.com\/company\/co0688844?ref_=tt_dt_co_2\" tabindex=\"0\"><\/a><span><\/span><strong>Ann\u00e9e de production :<\/strong><span> 2023<\/span><br \/><strong>IMDb:<\/strong><span> <\/span><a href=\"https:\/\/www.imdb.com\/title\/tt27487021\/?ref_=adv_li_tt\">Ouvrir<\/a><br \/><a href=\"https:\/\/www.apuntmedia.es\/documentals\/hercules-cent-anys-d-un-mite_134_1603783.html\">Regarder le documentaire<\/a><\/p>\n<p>[\/et_pb_text][\/et_pb_column][\/et_pb_row][et_pb_row _builder_version=&nbsp;&raquo;4.21.0&Prime; _module_preset=&nbsp;&raquo;default&nbsp;&raquo; global_colors_info=&nbsp;&raquo;{}&nbsp;&raquo;][et_pb_column type=&nbsp;&raquo;4_4&Prime; _builder_version=&nbsp;&raquo;4.21.0&Prime; _module_preset=&nbsp;&raquo;default&nbsp;&raquo; global_colors_info=&nbsp;&raquo;{}&nbsp;&raquo;][et_pb_gallery gallery_ids=&nbsp;&raquo;7525,7530,7535,7540,7545,7520&Prime; posts_number=&nbsp;&raquo;6&Prime; show_title_and_caption=&nbsp;&raquo;off&nbsp;&raquo; show_pagination=&nbsp;&raquo;off&nbsp;&raquo; _builder_version=&nbsp;&raquo;4.21.0&Prime; _module_preset=&nbsp;&raquo;default&nbsp;&raquo; hover_enabled=&nbsp;&raquo;0&Prime; global_colors_info=&nbsp;&raquo;{}&nbsp;&raquo; gallery_orderby=&nbsp;&raquo;rand&nbsp;&raquo; sticky_enabled=&nbsp;&raquo;0&Prime;][\/et_pb_gallery][\/et_pb_column][\/et_pb_row][\/et_pb_section]<\/p>\n","protected":false},"excerpt":{"rendered":"<p>SOLOJuan, un ancien commandant d&rsquo;infanterie \u00e2g\u00e9 de 105 ans, vit seul dans sa maison et s&rsquo;occupe de ses repas quotidiens et de ses soins sans l&rsquo;aide de personne. Chaque jour, gr\u00e2ce \u00e0 sa canne, il n\u00e9gocie une autoroute pour se rendre au supermarch\u00e9.Bien que John ait \u00e9t\u00e9 heureux en m\u00e9nage, sa femme est d\u00e9c\u00e9d\u00e9e, de [&hellip;]<\/p>\n","protected":false},"author":3,"featured_media":0,"parent":0,"menu_order":0,"comment_status":"closed","ping_status":"closed","template":"","meta":{"_et_pb_use_builder":"on","_et_pb_old_content":"","_et_gb_content_width":"","footnotes":""},"class_list":["post-7748","page","type-page","status-publish","hentry"],"yoast_head":"<!-- This site is optimized with the Yoast SEO plugin v24.5 - https:\/\/yoast.com\/wordpress\/plugins\/seo\/ -->\n<title>SOLO - Oce\u00e1nica Films<\/title>\n<meta name=\"robots\" content=\"index, follow, max-snippet:-1, max-image-preview:large, max-video-preview:-1\" \/>\n<link rel=\"canonical\" href=\"https:\/\/oceanicafilms.com\/fr\/solo\/\" \/>\n<meta property=\"og:locale\" content=\"fr_FR\" \/>\n<meta property=\"og:type\" content=\"article\" \/>\n<meta property=\"og:title\" content=\"SOLO - Oce\u00e1nica Films\" \/>\n<meta property=\"og:description\" content=\"SOLOJuan, un ancien commandant d&#039;infanterie \u00e2g\u00e9 de 105 ans, vit seul dans sa maison et s&#039;occupe de ses repas quotidiens et de ses soins sans l&#039;aide de personne. Chaque jour, gr\u00e2ce \u00e0 sa canne, il n\u00e9gocie une autoroute pour se rendre au supermarch\u00e9.Bien que John ait \u00e9t\u00e9 heureux en m\u00e9nage, sa femme est d\u00e9c\u00e9d\u00e9e, de [&hellip;]\" \/>\n<meta property=\"og:url\" content=\"https:\/\/oceanicafilms.com\/fr\/solo\/\" \/>\n<meta property=\"og:site_name\" content=\"Oce\u00e1nica Films\" \/>\n<meta property=\"article:publisher\" content=\"https:\/\/www.facebook.com\/oceanicaproducciones\" \/>\n<meta property=\"article:modified_time\" content=\"2024-02-01T13:20:09+00:00\" \/>\n<meta name=\"twitter:card\" content=\"summary_large_image\" \/>\n<meta name=\"twitter:site\" content=\"@oceanica_films\" \/>\n<meta name=\"twitter:label1\" content=\"Dur\u00e9e de lecture estim\u00e9e\" \/>\n\t<meta name=\"twitter:data1\" content=\"3 minutes\" \/>\n<script type=\"application\/ld+json\" class=\"yoast-schema-graph\">{\"@context\":\"https:\/\/schema.org\",\"@graph\":[{\"@type\":\"WebPage\",\"@id\":\"https:\/\/oceanicafilms.com\/fr\/solo\/\",\"url\":\"https:\/\/oceanicafilms.com\/fr\/solo\/\",\"name\":\"SOLO - Oce\u00e1nica Films\",\"isPartOf\":{\"@id\":\"https:\/\/oceanicafilms.com\/fr\/#website\"},\"datePublished\":\"2023-08-07T11:28:53+00:00\",\"dateModified\":\"2024-02-01T13:20:09+00:00\",\"breadcrumb\":{\"@id\":\"https:\/\/oceanicafilms.com\/fr\/solo\/#breadcrumb\"},\"inLanguage\":\"fr-FR\",\"potentialAction\":[{\"@type\":\"ReadAction\",\"target\":[\"https:\/\/oceanicafilms.com\/fr\/solo\/\"]}]},{\"@type\":\"BreadcrumbList\",\"@id\":\"https:\/\/oceanicafilms.com\/fr\/solo\/#breadcrumb\",\"itemListElement\":[{\"@type\":\"ListItem\",\"position\":1,\"name\":\"Portada\",\"item\":\"https:\/\/oceanicafilms.com\/fr\/accueil\/\"},{\"@type\":\"ListItem\",\"position\":2,\"name\":\"SOLO\"}]},{\"@type\":\"WebSite\",\"@id\":\"https:\/\/oceanicafilms.com\/fr\/#website\",\"url\":\"https:\/\/oceanicafilms.com\/fr\/\",\"name\":\"Oce\u00e1nica Films\",\"description\":\"Productora Audiovisual\",\"publisher\":{\"@id\":\"https:\/\/oceanicafilms.com\/fr\/#organization\"},\"potentialAction\":[{\"@type\":\"SearchAction\",\"target\":{\"@type\":\"EntryPoint\",\"urlTemplate\":\"https:\/\/oceanicafilms.com\/fr\/?s={search_term_string}\"},\"query-input\":{\"@type\":\"PropertyValueSpecification\",\"valueRequired\":true,\"valueName\":\"search_term_string\"}}],\"inLanguage\":\"fr-FR\"},{\"@type\":\"Organization\",\"@id\":\"https:\/\/oceanicafilms.com\/fr\/#organization\",\"name\":\"Oce\u00e1nica Films\",\"url\":\"https:\/\/oceanicafilms.com\/fr\/\",\"logo\":{\"@type\":\"ImageObject\",\"inLanguage\":\"fr-FR\",\"@id\":\"https:\/\/oceanicafilms.com\/fr\/#\/schema\/logo\/image\/\",\"url\":\"https:\/\/oceanicafilms.com\/wp-content\/uploads\/2023\/05\/Logo-OCEANICA-FILMS-DEF_negro_ALPHA.png\",\"contentUrl\":\"https:\/\/oceanicafilms.com\/wp-content\/uploads\/2023\/05\/Logo-OCEANICA-FILMS-DEF_negro_ALPHA.png\",\"width\":3037,\"height\":1512,\"caption\":\"Oce\u00e1nica Films\"},\"image\":{\"@id\":\"https:\/\/oceanicafilms.com\/fr\/#\/schema\/logo\/image\/\"},\"sameAs\":[\"https:\/\/www.facebook.com\/oceanicaproducciones\",\"https:\/\/x.com\/oceanica_films\",\"https:\/\/www.linkedin.com\/company\/ocenica-producciones\/\",\"https:\/\/www.instagram.com\/oceanica_films\/\",\"https:\/\/www.youtube.com\/@oceanicafilms\"]}]}<\/script>\n<!-- \/ Yoast SEO plugin. -->","yoast_head_json":{"title":"SOLO - Oce\u00e1nica Films","robots":{"index":"index","follow":"follow","max-snippet":"max-snippet:-1","max-image-preview":"max-image-preview:large","max-video-preview":"max-video-preview:-1"},"canonical":"https:\/\/oceanicafilms.com\/fr\/solo\/","og_locale":"fr_FR","og_type":"article","og_title":"SOLO - Oce\u00e1nica Films","og_description":"SOLOJuan, un ancien commandant d'infanterie \u00e2g\u00e9 de 105 ans, vit seul dans sa maison et s'occupe de ses repas quotidiens et de ses soins sans l'aide de personne. Chaque jour, gr\u00e2ce \u00e0 sa canne, il n\u00e9gocie une autoroute pour se rendre au supermarch\u00e9.Bien que John ait \u00e9t\u00e9 heureux en m\u00e9nage, sa femme est d\u00e9c\u00e9d\u00e9e, de [&hellip;]","og_url":"https:\/\/oceanicafilms.com\/fr\/solo\/","og_site_name":"Oce\u00e1nica Films","article_publisher":"https:\/\/www.facebook.com\/oceanicaproducciones","article_modified_time":"2024-02-01T13:20:09+00:00","twitter_card":"summary_large_image","twitter_site":"@oceanica_films","twitter_misc":{"Dur\u00e9e de lecture estim\u00e9e":"3 minutes"},"schema":{"@context":"https:\/\/schema.org","@graph":[{"@type":"WebPage","@id":"https:\/\/oceanicafilms.com\/fr\/solo\/","url":"https:\/\/oceanicafilms.com\/fr\/solo\/","name":"SOLO - Oce\u00e1nica Films","isPartOf":{"@id":"https:\/\/oceanicafilms.com\/fr\/#website"},"datePublished":"2023-08-07T11:28:53+00:00","dateModified":"2024-02-01T13:20:09+00:00","breadcrumb":{"@id":"https:\/\/oceanicafilms.com\/fr\/solo\/#breadcrumb"},"inLanguage":"fr-FR","potentialAction":[{"@type":"ReadAction","target":["https:\/\/oceanicafilms.com\/fr\/solo\/"]}]},{"@type":"BreadcrumbList","@id":"https:\/\/oceanicafilms.com\/fr\/solo\/#breadcrumb","itemListElement":[{"@type":"ListItem","position":1,"name":"Portada","item":"https:\/\/oceanicafilms.com\/fr\/accueil\/"},{"@type":"ListItem","position":2,"name":"SOLO"}]},{"@type":"WebSite","@id":"https:\/\/oceanicafilms.com\/fr\/#website","url":"https:\/\/oceanicafilms.com\/fr\/","name":"Oce\u00e1nica Films","description":"Productora Audiovisual","publisher":{"@id":"https:\/\/oceanicafilms.com\/fr\/#organization"},"potentialAction":[{"@type":"SearchAction","target":{"@type":"EntryPoint","urlTemplate":"https:\/\/oceanicafilms.com\/fr\/?s={search_term_string}"},"query-input":{"@type":"PropertyValueSpecification","valueRequired":true,"valueName":"search_term_string"}}],"inLanguage":"fr-FR"},{"@type":"Organization","@id":"https:\/\/oceanicafilms.com\/fr\/#organization","name":"Oce\u00e1nica Films","url":"https:\/\/oceanicafilms.com\/fr\/","logo":{"@type":"ImageObject","inLanguage":"fr-FR","@id":"https:\/\/oceanicafilms.com\/fr\/#\/schema\/logo\/image\/","url":"https:\/\/oceanicafilms.com\/wp-content\/uploads\/2023\/05\/Logo-OCEANICA-FILMS-DEF_negro_ALPHA.png","contentUrl":"https:\/\/oceanicafilms.com\/wp-content\/uploads\/2023\/05\/Logo-OCEANICA-FILMS-DEF_negro_ALPHA.png","width":3037,"height":1512,"caption":"Oce\u00e1nica Films"},"image":{"@id":"https:\/\/oceanicafilms.com\/fr\/#\/schema\/logo\/image\/"},"sameAs":["https:\/\/www.facebook.com\/oceanicaproducciones","https:\/\/x.com\/oceanica_films","https:\/\/www.linkedin.com\/company\/ocenica-producciones\/","https:\/\/www.instagram.com\/oceanica_films\/","https:\/\/www.youtube.com\/@oceanicafilms"]}]}},"_links":{"self":[{"href":"https:\/\/oceanicafilms.com\/fr\/wp-json\/wp\/v2\/pages\/7748","targetHints":{"allow":["GET"]}}],"collection":[{"href":"https:\/\/oceanicafilms.com\/fr\/wp-json\/wp\/v2\/pages"}],"about":[{"href":"https:\/\/oceanicafilms.com\/fr\/wp-json\/wp\/v2\/types\/page"}],"author":[{"embeddable":true,"href":"https:\/\/oceanicafilms.com\/fr\/wp-json\/wp\/v2\/users\/3"}],"replies":[{"embeddable":true,"href":"https:\/\/oceanicafilms.com\/fr\/wp-json\/wp\/v2\/comments?post=7748"}],"version-history":[{"count":3,"href":"https:\/\/oceanicafilms.com\/fr\/wp-json\/wp\/v2\/pages\/7748\/revisions"}],"predecessor-version":[{"id":7751,"href":"https:\/\/oceanicafilms.com\/fr\/wp-json\/wp\/v2\/pages\/7748\/revisions\/7751"}],"wp:attachment":[{"href":"https:\/\/oceanicafilms.com\/fr\/wp-json\/wp\/v2\/media?parent=7748"}],"curies":[{"name":"wp","href":"https:\/\/api.w.org\/{rel}","templated":true}]}}