{"id":7705,"date":"2023-05-16T16:02:49","date_gmt":"2023-05-16T14:02:49","guid":{"rendered":"https:\/\/oceanicafilms.com\/animaux\/"},"modified":"2024-02-01T14:03:39","modified_gmt":"2024-02-01T13:03:39","slug":"animaux","status":"publish","type":"page","link":"https:\/\/oceanicafilms.com\/fr\/animaux\/","title":{"rendered":"ANIMAUX"},"content":{"rendered":"<p>[et_pb_section fb_built=&nbsp;&raquo;1&Prime; admin_label=&nbsp;&raquo;Header&nbsp;&raquo; _builder_version=&nbsp;&raquo;4.20.0&Prime; _module_preset=&nbsp;&raquo;default&nbsp;&raquo; collapsed=&nbsp;&raquo;on&nbsp;&raquo; global_colors_info=&nbsp;&raquo;{}&nbsp;&raquo;][et_pb_row _builder_version=&nbsp;&raquo;4.20.0&Prime; _module_preset=&nbsp;&raquo;default&nbsp;&raquo; global_colors_info=&nbsp;&raquo;{}&nbsp;&raquo;][et_pb_column type=&nbsp;&raquo;4_4&Prime; _builder_version=&nbsp;&raquo;4.20.0&Prime; _module_preset=&nbsp;&raquo;default&nbsp;&raquo; global_colors_info=&nbsp;&raquo;{}&nbsp;&raquo;][et_pb_text _builder_version=&nbsp;&raquo;4.20.0&Prime; _module_preset=&nbsp;&raquo;efac0e8a-ad5c-445e-9b2e-f64c8d7daf30&Prime; custom_margin=&nbsp;&raquo;||10px||false|false&nbsp;&raquo; global_colors_info=&nbsp;&raquo;{}&nbsp;&raquo;]<\/p>\n<h1 style=\"text-align: center;\">ANIMALES, POR EL CAMINO DE EN MEDIO<\/h1>\n<p>[\/et_pb_text][et_pb_text _builder_version=&nbsp;&raquo;4.20.0&Prime; _module_preset=&nbsp;&raquo;703f23f9-76f7-4fcf-9722-dd5d8c89b3a5&Prime; global_colors_info=&nbsp;&raquo;{}&nbsp;&raquo;]<\/p>\n<p><span>Les animaux jouent un r\u00f4le crucial dans notre monde, que ce soit pour l&rsquo;alimentation, la satisfaction personnelle ou pour aider les humains dans leurs activit\u00e9s quotidiennes. Pourtant, des milliers d\u2019entre eux sont victimes du trafic ill\u00e9gal d\u2019esp\u00e8ces, maltrait\u00e9s et certains sont secourus ou saisis par les autorit\u00e9s. Le documentaire rassemble les organisations publiques et professionnelles les plus importantes d&rsquo;Espagne li\u00e9es au monde animal, pour faire conna\u00eetre le travail en faveur du bien-\u00eatre animal.<\/span><\/p>\n<p>[\/et_pb_text][\/et_pb_column][\/et_pb_row][et_pb_row column_structure=&nbsp;&raquo;1_2,1_2&Prime; _builder_version=&nbsp;&raquo;4.20.0&Prime; _module_preset=&nbsp;&raquo;default&nbsp;&raquo; locked=&nbsp;&raquo;off&nbsp;&raquo; global_colors_info=&nbsp;&raquo;{}&nbsp;&raquo;][et_pb_column type=&nbsp;&raquo;1_2&Prime; _builder_version=&nbsp;&raquo;4.20.0&Prime; _module_preset=&nbsp;&raquo;default&nbsp;&raquo; custom_padding_tablet=&nbsp;&raquo;||30px||false|false&nbsp;&raquo; custom_padding_phone=&nbsp;&raquo;||30px||false|false&nbsp;&raquo; custom_padding_last_edited=&nbsp;&raquo;on|tablet&nbsp;&raquo; global_colors_info=&nbsp;&raquo;{}&nbsp;&raquo;][et_pb_image src=&nbsp;&raquo;https:\/\/oceanicafilms.com\/wp-content\/uploads\/2023\/04\/Cartel-animales_laureles-copia.jpg.webp&nbsp;&raquo; title_text=&nbsp;&raquo;Cartel Animales por el camino de en medio&nbsp;&raquo; show_in_lightbox=&nbsp;&raquo;on&nbsp;&raquo; use_overlay=&nbsp;&raquo;on&nbsp;&raquo; overlay_icon_color=&nbsp;&raquo;#000000&Prime; hover_overlay_color=&nbsp;&raquo;RGBA(255,255,255,0)&nbsp;&raquo; hover_icon=&nbsp;&raquo;&#xf00e;||fa||900&Prime; _builder_version=&nbsp;&raquo;4.21.0&Prime; _module_preset=&nbsp;&raquo;default&nbsp;&raquo; background_color=&nbsp;&raquo;rgba(0,0,0,0.04)&nbsp;&raquo; custom_margin=&nbsp;&raquo;||||false|false&nbsp;&raquo; box_shadow_style=&nbsp;&raquo;preset4&Prime; box_shadow_horizontal=&nbsp;&raquo;0px&nbsp;&raquo; box_shadow_vertical=&nbsp;&raquo;0px&nbsp;&raquo; box_shadow_color=&nbsp;&raquo;rgba(0,0,0,0.05)&nbsp;&raquo; global_colors_info=&nbsp;&raquo;{}&nbsp;&raquo; custom_padding__hover_enabled=&nbsp;&raquo;off|hover&nbsp;&raquo; custom_padding__hover=&nbsp;&raquo;50px|50px|50px|50px|true|true&nbsp;&raquo; box_shadow_vertical__hover_enabled=&nbsp;&raquo;off|hover&nbsp;&raquo; box_shadow_blur__hover_enabled=&nbsp;&raquo;off|hover&nbsp;&raquo; box_shadow_blur__hover=&nbsp;&raquo;0px&nbsp;&raquo; box_shadow_color__hover_enabled=&nbsp;&raquo;off|hover&nbsp;&raquo; box_shadow_color__hover=&nbsp;&raquo;rgba(0,0,0,0.3)&nbsp;&raquo; custom_margin__hover_enabled=&nbsp;&raquo;off|hover&nbsp;&raquo; custom_margin__hover=&nbsp;&raquo;||62px||false|false&nbsp;&raquo; transform_styles__hover_enabled=&nbsp;&raquo;on|hover&nbsp;&raquo; transform_scale__hover_enabled=&nbsp;&raquo;on|hover&nbsp;&raquo; transform_translate__hover_enabled=&nbsp;&raquo;on|desktop&nbsp;&raquo; transform_rotate__hover_enabled=&nbsp;&raquo;on|desktop&nbsp;&raquo; transform_skew__hover_enabled=&nbsp;&raquo;on|desktop&nbsp;&raquo; transform_origin__hover_enabled=&nbsp;&raquo;on|desktop&nbsp;&raquo; transform_scale__hover=&nbsp;&raquo;90%|90%&nbsp;&raquo; box_shadow_spread__hover_enabled=&nbsp;&raquo;on|hover&nbsp;&raquo; box_shadow_spread__hover=&nbsp;&raquo;30px&nbsp;&raquo;][\/et_pb_image][\/et_pb_column][et_pb_column type=&nbsp;&raquo;1_2&Prime; _builder_version=&nbsp;&raquo;4.20.0&Prime; _module_preset=&nbsp;&raquo;default&nbsp;&raquo; global_colors_info=&nbsp;&raquo;{}&nbsp;&raquo;][et_pb_text _builder_version=&nbsp;&raquo;4.21.0&Prime; _module_preset=&nbsp;&raquo;default&nbsp;&raquo; hover_enabled=&nbsp;&raquo;0&Prime; global_colors_info=&nbsp;&raquo;{}&nbsp;&raquo; sticky_enabled=&nbsp;&raquo;0&Prime;]<\/p>\n<p><strong>Producteur:<\/strong><span>Oce\u00e1nica Films, S.L.<br \/><\/span><a class=\"ipc-metadata-list-item__list-content-item ipc-metadata-list-item__list-content-item--link\" role=\"button\" aria-disabled=\"false\" href=\"https:\/\/www.imdb.com\/company\/co0688844?ref_=tt_dt_co_2\" tabindex=\"0\"><\/a><span><\/span><strong>Ann\u00e9e de production:<\/strong><span> 2020<\/span><br \/><strong>IMDb:<\/strong><span> <\/span><a href=\"https:\/\/www.imdb.com\/title\/tt8769342\/?ref_=nm_flmg_t_1_prd\">Ouvrir<\/a><br \/><a href=\"https:\/\/www.apuntmedia.es\/documentals\/animals-pel-cami-mig_134_1356582.html\">Regarder le documentaire<\/a><\/p>\n<p>[\/et_pb_text][\/et_pb_column][\/et_pb_row][et_pb_row _builder_version=&nbsp;&raquo;4.21.0&Prime; _module_preset=&nbsp;&raquo;default&nbsp;&raquo; global_colors_info=&nbsp;&raquo;{}&nbsp;&raquo;][et_pb_column type=&nbsp;&raquo;4_4&Prime; _builder_version=&nbsp;&raquo;4.21.0&Prime; _module_preset=&nbsp;&raquo;default&nbsp;&raquo; global_colors_info=&nbsp;&raquo;{}&nbsp;&raquo;][et_pb_gallery gallery_ids=&nbsp;&raquo;7323,6118,6283,7328&Prime; show_title_and_caption=&nbsp;&raquo;off&nbsp;&raquo; show_pagination=&nbsp;&raquo;off&nbsp;&raquo; _builder_version=&nbsp;&raquo;4.21.0&Prime; _module_preset=&nbsp;&raquo;default&nbsp;&raquo; global_colors_info=&nbsp;&raquo;{}&nbsp;&raquo;][\/et_pb_gallery][\/et_pb_column][\/et_pb_row][\/et_pb_section][et_pb_section fb_built=&nbsp;&raquo;1&Prime; admin_label=&nbsp;&raquo;Footer&nbsp;&raquo; _builder_version=&nbsp;&raquo;4.20.4&Prime; _module_preset=&nbsp;&raquo;default&nbsp;&raquo; background_color=&nbsp;&raquo;#002c59&Prime; custom_padding=&nbsp;&raquo;0px||0px|||&nbsp;&raquo; saved_tabs=&nbsp;&raquo;all&nbsp;&raquo; locked=&nbsp;&raquo;off&nbsp;&raquo; collapsed=&nbsp;&raquo;on&nbsp;&raquo; global_colors_info=&nbsp;&raquo;{}&nbsp;&raquo;][et_pb_row _builder_version=&nbsp;&raquo;4.20.0&Prime; _module_preset=&nbsp;&raquo;default&nbsp;&raquo; global_colors_info=&nbsp;&raquo;{}&nbsp;&raquo;][et_pb_column type=&nbsp;&raquo;4_4&Prime; _builder_version=&nbsp;&raquo;4.20.0&Prime; _module_preset=&nbsp;&raquo;fdba356e-9a09-4061-b1a3-816ac42bcf76&Prime; global_colors_info=&nbsp;&raquo;{}&nbsp;&raquo;][et_pb_image src=&nbsp;&raquo;https:\/\/oceanicafilms.com\/wp-content\/uploads\/2023\/04\/Imdb-Blanco.png&nbsp;&raquo; title_text=&nbsp;&raquo;Imdb&nbsp;&raquo; url=&nbsp;&raquo;https:\/\/www.imdb.com\/search\/title\/?companies=co0814300&Prime; url_new_window=&nbsp;&raquo;on&nbsp;&raquo; align=&nbsp;&raquo;center&nbsp;&raquo; _builder_version=&nbsp;&raquo;4.20.4&Prime; _module_preset=&nbsp;&raquo;default&nbsp;&raquo; module_alignment=&nbsp;&raquo;center&nbsp;&raquo; height=&nbsp;&raquo;46px&nbsp;&raquo; custom_margin=&nbsp;&raquo;-7px||12px||false|false&nbsp;&raquo; global_colors_info=&nbsp;&raquo;{}&nbsp;&raquo;][\/et_pb_image][et_pb_social_media_follow _builder_version=&nbsp;&raquo;4.20.4&Prime; _module_preset=&nbsp;&raquo;default&nbsp;&raquo; text_orientation=&nbsp;&raquo;center&nbsp;&raquo; custom_margin=&nbsp;&raquo;||-12px|||&nbsp;&raquo; text_orientation_tablet=&nbsp;&raquo;left&nbsp;&raquo; text_orientation_last_edited=&nbsp;&raquo;off|desktop&nbsp;&raquo; border_radii=&nbsp;&raquo;on|100px|100px|100px|100px&nbsp;&raquo; border_width_all=&nbsp;&raquo;1px&nbsp;&raquo; border_color_all=&nbsp;&raquo;#FFFFFF&nbsp;&raquo; locked=&nbsp;&raquo;off&nbsp;&raquo; global_colors_info=&nbsp;&raquo;{}&nbsp;&raquo;][et_pb_social_media_follow_network social_network=&nbsp;&raquo;facebook&nbsp;&raquo; url=&nbsp;&raquo;https:\/\/www.facebook.com\/oceanicaproducciones&nbsp;&raquo; _builder_version=&nbsp;&raquo;4.20.4&Prime; _module_preset=&nbsp;&raquo;default&nbsp;&raquo; custom_button=&nbsp;&raquo;on&nbsp;&raquo; button_text_color=&nbsp;&raquo;#000000&Prime; button_bg_image=&nbsp;&raquo;https:\/\/oceanicafilms.com\/wp-content\/uploads\/2023\/04\/Facebook.png&nbsp;&raquo; button_bg_enable_image=&nbsp;&raquo;on&nbsp;&raquo; custom_padding=&nbsp;&raquo;4px|4px|4px|4px|true|true&nbsp;&raquo; global_colors_info=&nbsp;&raquo;{}&nbsp;&raquo; follow_button=&nbsp;&raquo;off&nbsp;&raquo; url_new_window=&nbsp;&raquo;on&nbsp;&raquo;]facebook[\/et_pb_social_media_follow_network][et_pb_social_media_follow_network social_network=&nbsp;&raquo;twitter&nbsp;&raquo; url=&nbsp;&raquo;https:\/\/twitter.com\/oceanica_films&nbsp;&raquo; _builder_version=&nbsp;&raquo;4.20.4&Prime; _module_preset=&nbsp;&raquo;default&nbsp;&raquo; custom_padding=&nbsp;&raquo;4px|4px|4px|4px|true|true&nbsp;&raquo; global_colors_info=&nbsp;&raquo;{}&nbsp;&raquo; follow_button=&nbsp;&raquo;off&nbsp;&raquo; url_new_window=&nbsp;&raquo;on&nbsp;&raquo;]twitter[\/et_pb_social_media_follow_network][et_pb_social_media_follow_network social_network=&nbsp;&raquo;instagram&nbsp;&raquo; url=&nbsp;&raquo;https:\/\/www.instagram.com\/oceanica_films\/&nbsp;&raquo; _builder_version=&nbsp;&raquo;4.20.4&Prime; _module_preset=&nbsp;&raquo;default&nbsp;&raquo; custom_padding=&nbsp;&raquo;4px|4px|4px|4px|true|true&nbsp;&raquo; global_colors_info=&nbsp;&raquo;{}&nbsp;&raquo; follow_button=&nbsp;&raquo;off&nbsp;&raquo; url_new_window=&nbsp;&raquo;on&nbsp;&raquo;]instagram[\/et_pb_social_media_follow_network][et_pb_social_media_follow_network social_network=&nbsp;&raquo;vimeo&nbsp;&raquo; url=&nbsp;&raquo;https:\/\/vimeo.com\/user95209713&Prime; icon_color=&nbsp;&raquo;#FFFFFF&nbsp;&raquo; use_icon_font_size=&nbsp;&raquo;on&nbsp;&raquo; icon_font_size=&nbsp;&raquo;20px&nbsp;&raquo; _builder_version=&nbsp;&raquo;4.20.4&Prime; _module_preset=&nbsp;&raquo;default&nbsp;&raquo; background_color=&nbsp;&raquo;RGBA(255,255,255,0)&nbsp;&raquo; background_enable_color=&nbsp;&raquo;on&nbsp;&raquo; global_colors_info=&nbsp;&raquo;{}&nbsp;&raquo; follow_button=&nbsp;&raquo;off&nbsp;&raquo; url_new_window=&nbsp;&raquo;on&nbsp;&raquo;]vimeo[\/et_pb_social_media_follow_network][et_pb_social_media_follow_network social_network=&nbsp;&raquo;youtube&nbsp;&raquo; url=&nbsp;&raquo;https:\/\/www.youtube.com\/@oceanicafilms&nbsp;&raquo; use_icon_font_size=&nbsp;&raquo;on&nbsp;&raquo; icon_font_size=&nbsp;&raquo;20px&nbsp;&raquo; _builder_version=&nbsp;&raquo;4.20.4&Prime; _module_preset=&nbsp;&raquo;default&nbsp;&raquo; background_color=&nbsp;&raquo;RGBA(255,255,255,0)&nbsp;&raquo; background_enable_color=&nbsp;&raquo;on&nbsp;&raquo; global_colors_info=&nbsp;&raquo;{}&nbsp;&raquo; follow_button=&nbsp;&raquo;off&nbsp;&raquo; url_new_window=&nbsp;&raquo;on&nbsp;&raquo;]youtube[\/et_pb_social_media_follow_network][\/et_pb_social_media_follow][\/et_pb_column][\/et_pb_row][et_pb_row column_structure=&nbsp;&raquo;1_3,1_3,1_3&Prime; _builder_version=&nbsp;&raquo;4.20.0&Prime; _module_preset=&nbsp;&raquo;default&nbsp;&raquo; border_color_all=&nbsp;&raquo;gcid-e6f8585f-043d-4f05-ad96-fb05b9e45208&Prime; border_width_top=&nbsp;&raquo;1px&nbsp;&raquo; global_colors_info=&nbsp;&raquo;{%22gcid-e6f8585f-043d-4f05-ad96-fb05b9e45208%22:%91%22border_color_all%22%93}&nbsp;&raquo;][et_pb_column type=&nbsp;&raquo;1_3&Prime; _builder_version=&nbsp;&raquo;4.20.0&Prime; _module_preset=&nbsp;&raquo;fdba356e-9a09-4061-b1a3-816ac42bcf76&Prime; global_colors_info=&nbsp;&raquo;{}&nbsp;&raquo;][et_pb_text _builder_version=&nbsp;&raquo;4.20.0&Prime; _module_preset=&nbsp;&raquo;424079df-e92c-425a-b8cd-816b11a1a0cb&nbsp;&raquo; header_5_text_color=&nbsp;&raquo;#FFFFFF&nbsp;&raquo; custom_margin=&nbsp;&raquo;||0px||false|false&nbsp;&raquo; text_orientation_tablet=&nbsp;&raquo;center&nbsp;&raquo; text_orientation_phone=&nbsp;&raquo;&nbsp;&raquo; text_orientation_last_edited=&nbsp;&raquo;on|tablet&nbsp;&raquo; global_colors_info=&nbsp;&raquo;{}&nbsp;&raquo;]<\/p>\n<h5>emplacement<\/h5>\n<p>[\/et_pb_text][et_pb_text _builder_version=&nbsp;&raquo;4.20.4&Prime; _module_preset=&nbsp;&raquo;fa45fd7c-19c3-45a4-8807-2bc61907f3d4&Prime; text_text_color=&nbsp;&raquo;#FFFFFF&nbsp;&raquo; text_font_size=&nbsp;&raquo;15px&nbsp;&raquo; link_text_color=&nbsp;&raquo;gcid-e6f8585f-043d-4f05-ad96-fb05b9e45208&Prime; custom_padding=&nbsp;&raquo;|0px||||&nbsp;&raquo; text_orientation_tablet=&nbsp;&raquo;center&nbsp;&raquo; text_orientation_phone=&nbsp;&raquo;&nbsp;&raquo; text_orientation_last_edited=&nbsp;&raquo;on|tablet&nbsp;&raquo; global_colors_info=&nbsp;&raquo;{%22gcid-e6f8585f-043d-4f05-ad96-fb05b9e45208%22:%91%22link_text_color%22%93}&nbsp;&raquo;]<\/p>\n<p>Avenida Jean Claude Combaldieu s\/n<br \/>Ciudad de la Luz. Distrito Digital 2, 03008 Alicante<\/p>\n<p>[\/et_pb_text][\/et_pb_column][et_pb_column type=&nbsp;&raquo;1_3&Prime; _builder_version=&nbsp;&raquo;4.20.0&Prime; _module_preset=&nbsp;&raquo;fdba356e-9a09-4061-b1a3-816ac42bcf76&Prime; global_colors_info=&nbsp;&raquo;{}&nbsp;&raquo;][et_pb_text _builder_version=&nbsp;&raquo;4.20.4&Prime; _module_preset=&nbsp;&raquo;424079df-e92c-425a-b8cd-816b11a1a0cb&nbsp;&raquo; header_5_text_color=&nbsp;&raquo;#FFFFFF&nbsp;&raquo; text_orientation=&nbsp;&raquo;center&nbsp;&raquo; custom_margin=&nbsp;&raquo;||0px||false|false&nbsp;&raquo; global_colors_info=&nbsp;&raquo;{}&nbsp;&raquo;]<\/p>\n<h5>t\u00e9l\u00e9phone<\/h5>\n<p>[\/et_pb_text][et_pb_text _builder_version=&nbsp;&raquo;4.20.4&Prime; _module_preset=&nbsp;&raquo;fa45fd7c-19c3-45a4-8807-2bc61907f3d4&Prime; text_font_size=&nbsp;&raquo;15px&nbsp;&raquo; link_text_color=&nbsp;&raquo;gcid-e6f8585f-043d-4f05-ad96-fb05b9e45208&Prime; text_orientation=&nbsp;&raquo;center&nbsp;&raquo; global_colors_info=&nbsp;&raquo;{%22gcid-e6f8585f-043d-4f05-ad96-fb05b9e45208%22:%91%22link_text_color%22%93}&nbsp;&raquo;]<\/p>\n<p><span style=\"color: #ffffff;\">(+34) 627 96 25 50<\/span><\/p>\n<p>[\/et_pb_text][\/et_pb_column][et_pb_column type=&nbsp;&raquo;1_3&Prime; _builder_version=&nbsp;&raquo;4.20.0&Prime; _module_preset=&nbsp;&raquo;fdba356e-9a09-4061-b1a3-816ac42bcf76&Prime; global_colors_info=&nbsp;&raquo;{}&nbsp;&raquo;][et_pb_text _builder_version=&nbsp;&raquo;4.20.0&Prime; _module_preset=&nbsp;&raquo;424079df-e92c-425a-b8cd-816b11a1a0cb&nbsp;&raquo; header_5_text_color=&nbsp;&raquo;#FFFFFF&nbsp;&raquo; text_orientation=&nbsp;&raquo;right&nbsp;&raquo; custom_margin=&nbsp;&raquo;||0px||false|false&nbsp;&raquo; text_orientation_tablet=&nbsp;&raquo;center&nbsp;&raquo; text_orientation_phone=&nbsp;&raquo;&nbsp;&raquo; text_orientation_last_edited=&nbsp;&raquo;on|tablet&nbsp;&raquo; global_colors_info=&nbsp;&raquo;{}&nbsp;&raquo;]<\/p>\n<h5>E-mail<\/h5>\n<p>[\/et_pb_text][et_pb_text _builder_version=&nbsp;&raquo;4.20.4&Prime; _module_preset=&nbsp;&raquo;fa45fd7c-19c3-45a4-8807-2bc61907f3d4&Prime; text_font_size=&nbsp;&raquo;15px&nbsp;&raquo; link_text_color=&nbsp;&raquo;gcid-e6f8585f-043d-4f05-ad96-fb05b9e45208&Prime; text_orientation=&nbsp;&raquo;right&nbsp;&raquo; text_orientation_tablet=&nbsp;&raquo;center&nbsp;&raquo; text_orientation_phone=&nbsp;&raquo;&nbsp;&raquo; text_orientation_last_edited=&nbsp;&raquo;on|tablet&nbsp;&raquo; global_colors_info=&nbsp;&raquo;{%22gcid-e6f8585f-043d-4f05-ad96-fb05b9e45208%22:%91%22link_text_color%22%93}&nbsp;&raquo;]<\/p>\n<p><span style=\"color: #ffffff;\">info@oceanicafilms.com<\/span><\/p>\n<p>[\/et_pb_text][\/et_pb_column][\/et_pb_row][\/et_pb_section]<\/p>\n","protected":false},"excerpt":{"rendered":"<p>ANIMALES, POR EL CAMINO DE EN MEDIOLes animaux jouent un r\u00f4le crucial dans notre monde, que ce soit pour l&rsquo;alimentation, la satisfaction personnelle ou pour aider les humains dans leurs activit\u00e9s quotidiennes. Pourtant, des milliers d\u2019entre eux sont victimes du trafic ill\u00e9gal d\u2019esp\u00e8ces, maltrait\u00e9s et certains sont secourus ou saisis par les autorit\u00e9s. Le documentaire [&hellip;]<\/p>\n","protected":false},"author":3,"featured_media":0,"parent":0,"menu_order":0,"comment_status":"closed","ping_status":"closed","template":"","meta":{"_et_pb_use_builder":"on","_et_pb_old_content":"","_et_gb_content_width":"","footnotes":""},"class_list":["post-7705","page","type-page","status-publish","hentry"],"yoast_head":"<!-- This site is optimized with the Yoast SEO plugin v24.5 - https:\/\/yoast.com\/wordpress\/plugins\/seo\/ -->\n<title>ANIMAUX - Oce\u00e1nica Films<\/title>\n<meta name=\"robots\" content=\"index, follow, max-snippet:-1, max-image-preview:large, max-video-preview:-1\" \/>\n<link rel=\"canonical\" href=\"https:\/\/oceanicafilms.com\/fr\/animaux\/\" \/>\n<meta property=\"og:locale\" content=\"fr_FR\" \/>\n<meta property=\"og:type\" content=\"article\" \/>\n<meta property=\"og:title\" content=\"ANIMAUX - Oce\u00e1nica Films\" \/>\n<meta property=\"og:description\" content=\"ANIMALES, POR EL CAMINO DE EN MEDIOLes animaux jouent un r\u00f4le crucial dans notre monde, que ce soit pour l&#039;alimentation, la satisfaction personnelle ou pour aider les humains dans leurs activit\u00e9s quotidiennes. Pourtant, des milliers d\u2019entre eux sont victimes du trafic ill\u00e9gal d\u2019esp\u00e8ces, maltrait\u00e9s et certains sont secourus ou saisis par les autorit\u00e9s. Le documentaire [&hellip;]\" \/>\n<meta property=\"og:url\" content=\"https:\/\/oceanicafilms.com\/fr\/animaux\/\" \/>\n<meta property=\"og:site_name\" content=\"Oce\u00e1nica Films\" \/>\n<meta property=\"article:publisher\" content=\"https:\/\/www.facebook.com\/oceanicaproducciones\" \/>\n<meta property=\"article:modified_time\" content=\"2024-02-01T13:03:39+00:00\" \/>\n<meta name=\"twitter:card\" content=\"summary_large_image\" \/>\n<meta name=\"twitter:site\" content=\"@oceanica_films\" \/>\n<meta name=\"twitter:label1\" content=\"Dur\u00e9e de lecture estim\u00e9e\" \/>\n\t<meta name=\"twitter:data1\" content=\"7 minutes\" \/>\n<script type=\"application\/ld+json\" class=\"yoast-schema-graph\">{\"@context\":\"https:\/\/schema.org\",\"@graph\":[{\"@type\":\"WebPage\",\"@id\":\"https:\/\/oceanicafilms.com\/fr\/animaux\/\",\"url\":\"https:\/\/oceanicafilms.com\/fr\/animaux\/\",\"name\":\"ANIMAUX - Oce\u00e1nica Films\",\"isPartOf\":{\"@id\":\"https:\/\/oceanicafilms.com\/fr\/#website\"},\"datePublished\":\"2023-05-16T14:02:49+00:00\",\"dateModified\":\"2024-02-01T13:03:39+00:00\",\"breadcrumb\":{\"@id\":\"https:\/\/oceanicafilms.com\/fr\/animaux\/#breadcrumb\"},\"inLanguage\":\"fr-FR\",\"potentialAction\":[{\"@type\":\"ReadAction\",\"target\":[\"https:\/\/oceanicafilms.com\/fr\/animaux\/\"]}]},{\"@type\":\"BreadcrumbList\",\"@id\":\"https:\/\/oceanicafilms.com\/fr\/animaux\/#breadcrumb\",\"itemListElement\":[{\"@type\":\"ListItem\",\"position\":1,\"name\":\"Portada\",\"item\":\"https:\/\/oceanicafilms.com\/fr\/accueil\/\"},{\"@type\":\"ListItem\",\"position\":2,\"name\":\"ANIMAUX\"}]},{\"@type\":\"WebSite\",\"@id\":\"https:\/\/oceanicafilms.com\/fr\/#website\",\"url\":\"https:\/\/oceanicafilms.com\/fr\/\",\"name\":\"Oce\u00e1nica Films\",\"description\":\"Productora Audiovisual\",\"publisher\":{\"@id\":\"https:\/\/oceanicafilms.com\/fr\/#organization\"},\"potentialAction\":[{\"@type\":\"SearchAction\",\"target\":{\"@type\":\"EntryPoint\",\"urlTemplate\":\"https:\/\/oceanicafilms.com\/fr\/?s={search_term_string}\"},\"query-input\":{\"@type\":\"PropertyValueSpecification\",\"valueRequired\":true,\"valueName\":\"search_term_string\"}}],\"inLanguage\":\"fr-FR\"},{\"@type\":\"Organization\",\"@id\":\"https:\/\/oceanicafilms.com\/fr\/#organization\",\"name\":\"Oce\u00e1nica Films\",\"url\":\"https:\/\/oceanicafilms.com\/fr\/\",\"logo\":{\"@type\":\"ImageObject\",\"inLanguage\":\"fr-FR\",\"@id\":\"https:\/\/oceanicafilms.com\/fr\/#\/schema\/logo\/image\/\",\"url\":\"https:\/\/oceanicafilms.com\/wp-content\/uploads\/2023\/05\/Logo-OCEANICA-FILMS-DEF_negro_ALPHA.png\",\"contentUrl\":\"https:\/\/oceanicafilms.com\/wp-content\/uploads\/2023\/05\/Logo-OCEANICA-FILMS-DEF_negro_ALPHA.png\",\"width\":3037,\"height\":1512,\"caption\":\"Oce\u00e1nica Films\"},\"image\":{\"@id\":\"https:\/\/oceanicafilms.com\/fr\/#\/schema\/logo\/image\/\"},\"sameAs\":[\"https:\/\/www.facebook.com\/oceanicaproducciones\",\"https:\/\/x.com\/oceanica_films\",\"https:\/\/www.linkedin.com\/company\/ocenica-producciones\/\",\"https:\/\/www.instagram.com\/oceanica_films\/\",\"https:\/\/www.youtube.com\/@oceanicafilms\"]}]}<\/script>\n<!-- \/ Yoast SEO plugin. -->","yoast_head_json":{"title":"ANIMAUX - Oce\u00e1nica Films","robots":{"index":"index","follow":"follow","max-snippet":"max-snippet:-1","max-image-preview":"max-image-preview:large","max-video-preview":"max-video-preview:-1"},"canonical":"https:\/\/oceanicafilms.com\/fr\/animaux\/","og_locale":"fr_FR","og_type":"article","og_title":"ANIMAUX - Oce\u00e1nica Films","og_description":"ANIMALES, POR EL CAMINO DE EN MEDIOLes animaux jouent un r\u00f4le crucial dans notre monde, que ce soit pour l'alimentation, la satisfaction personnelle ou pour aider les humains dans leurs activit\u00e9s quotidiennes. Pourtant, des milliers d\u2019entre eux sont victimes du trafic ill\u00e9gal d\u2019esp\u00e8ces, maltrait\u00e9s et certains sont secourus ou saisis par les autorit\u00e9s. Le documentaire [&hellip;]","og_url":"https:\/\/oceanicafilms.com\/fr\/animaux\/","og_site_name":"Oce\u00e1nica Films","article_publisher":"https:\/\/www.facebook.com\/oceanicaproducciones","article_modified_time":"2024-02-01T13:03:39+00:00","twitter_card":"summary_large_image","twitter_site":"@oceanica_films","twitter_misc":{"Dur\u00e9e de lecture estim\u00e9e":"7 minutes"},"schema":{"@context":"https:\/\/schema.org","@graph":[{"@type":"WebPage","@id":"https:\/\/oceanicafilms.com\/fr\/animaux\/","url":"https:\/\/oceanicafilms.com\/fr\/animaux\/","name":"ANIMAUX - Oce\u00e1nica Films","isPartOf":{"@id":"https:\/\/oceanicafilms.com\/fr\/#website"},"datePublished":"2023-05-16T14:02:49+00:00","dateModified":"2024-02-01T13:03:39+00:00","breadcrumb":{"@id":"https:\/\/oceanicafilms.com\/fr\/animaux\/#breadcrumb"},"inLanguage":"fr-FR","potentialAction":[{"@type":"ReadAction","target":["https:\/\/oceanicafilms.com\/fr\/animaux\/"]}]},{"@type":"BreadcrumbList","@id":"https:\/\/oceanicafilms.com\/fr\/animaux\/#breadcrumb","itemListElement":[{"@type":"ListItem","position":1,"name":"Portada","item":"https:\/\/oceanicafilms.com\/fr\/accueil\/"},{"@type":"ListItem","position":2,"name":"ANIMAUX"}]},{"@type":"WebSite","@id":"https:\/\/oceanicafilms.com\/fr\/#website","url":"https:\/\/oceanicafilms.com\/fr\/","name":"Oce\u00e1nica Films","description":"Productora Audiovisual","publisher":{"@id":"https:\/\/oceanicafilms.com\/fr\/#organization"},"potentialAction":[{"@type":"SearchAction","target":{"@type":"EntryPoint","urlTemplate":"https:\/\/oceanicafilms.com\/fr\/?s={search_term_string}"},"query-input":{"@type":"PropertyValueSpecification","valueRequired":true,"valueName":"search_term_string"}}],"inLanguage":"fr-FR"},{"@type":"Organization","@id":"https:\/\/oceanicafilms.com\/fr\/#organization","name":"Oce\u00e1nica Films","url":"https:\/\/oceanicafilms.com\/fr\/","logo":{"@type":"ImageObject","inLanguage":"fr-FR","@id":"https:\/\/oceanicafilms.com\/fr\/#\/schema\/logo\/image\/","url":"https:\/\/oceanicafilms.com\/wp-content\/uploads\/2023\/05\/Logo-OCEANICA-FILMS-DEF_negro_ALPHA.png","contentUrl":"https:\/\/oceanicafilms.com\/wp-content\/uploads\/2023\/05\/Logo-OCEANICA-FILMS-DEF_negro_ALPHA.png","width":3037,"height":1512,"caption":"Oce\u00e1nica Films"},"image":{"@id":"https:\/\/oceanicafilms.com\/fr\/#\/schema\/logo\/image\/"},"sameAs":["https:\/\/www.facebook.com\/oceanicaproducciones","https:\/\/x.com\/oceanica_films","https:\/\/www.linkedin.com\/company\/ocenica-producciones\/","https:\/\/www.instagram.com\/oceanica_films\/","https:\/\/www.youtube.com\/@oceanicafilms"]}]}},"_links":{"self":[{"href":"https:\/\/oceanicafilms.com\/fr\/wp-json\/wp\/v2\/pages\/7705","targetHints":{"allow":["GET"]}}],"collection":[{"href":"https:\/\/oceanicafilms.com\/fr\/wp-json\/wp\/v2\/pages"}],"about":[{"href":"https:\/\/oceanicafilms.com\/fr\/wp-json\/wp\/v2\/types\/page"}],"author":[{"embeddable":true,"href":"https:\/\/oceanicafilms.com\/fr\/wp-json\/wp\/v2\/users\/3"}],"replies":[{"embeddable":true,"href":"https:\/\/oceanicafilms.com\/fr\/wp-json\/wp\/v2\/comments?post=7705"}],"version-history":[{"count":3,"href":"https:\/\/oceanicafilms.com\/fr\/wp-json\/wp\/v2\/pages\/7705\/revisions"}],"predecessor-version":[{"id":7708,"href":"https:\/\/oceanicafilms.com\/fr\/wp-json\/wp\/v2\/pages\/7705\/revisions\/7708"}],"wp:attachment":[{"href":"https:\/\/oceanicafilms.com\/fr\/wp-json\/wp\/v2\/media?parent=7705"}],"curies":[{"name":"wp","href":"https:\/\/api.w.org\/{rel}","templated":true}]}}