{"id":7723,"date":"2023-05-16T11:33:39","date_gmt":"2023-05-16T09:33:39","guid":{"rendered":"https:\/\/oceanicafilms.com\/hercules\/"},"modified":"2024-02-01T14:12:08","modified_gmt":"2024-02-01T13:12:08","slug":"hercules","status":"publish","type":"page","link":"https:\/\/oceanicafilms.com\/en\/hercules\/","title":{"rendered":"H\u00c9RCULES"},"content":{"rendered":"<p>[et_pb_section fb_built=&#8221;1&#8243; admin_label=&#8221;Header&#8221; _builder_version=&#8221;4.20.0&#8243; _module_preset=&#8221;default&#8221; collapsed=&#8221;on&#8221; global_colors_info=&#8221;{}&#8221;][et_pb_row _builder_version=&#8221;4.20.0&#8243; _module_preset=&#8221;default&#8221; global_colors_info=&#8221;{}&#8221;][et_pb_column type=&#8221;4_4&#8243; _builder_version=&#8221;4.20.0&#8243; _module_preset=&#8221;default&#8221; global_colors_info=&#8221;{}&#8221;][et_pb_text _builder_version=&#8221;4.20.0&#8243; _module_preset=&#8221;efac0e8a-ad5c-445e-9b2e-f64c8d7daf30&#8243; custom_margin=&#8221;||10px||false|false&#8221; global_colors_info=&#8221;{}&#8221;]<\/p>\n<h1 style=\"text-align: center;\">H\u00c9RCULES, 100 YEARS OF A MYTH<\/h1>\n<p>[\/et_pb_text][et_pb_text _builder_version=&#8221;4.20.0&#8243; _module_preset=&#8221;703f23f9-76f7-4fcf-9722-dd5d8c89b3a5&#8243; global_colors_info=&#8221;{}&#8221;]<\/p>\n<p><span>Documentary that traces the one hundred years of Hercules&#8217; history <\/span><span>CF<\/span><span>The program features former players, coaches and directors of the club who talk about their feelings about the institution and their time in its ranks, as well as the club&#8217;s history.<\/span><span>and historians who delve deeper into the <\/span><span>origins<\/span><span> and the most significant events that the Alicante entity has gone through.<\/span><\/p>\n<p>[\/et_pb_text][\/et_pb_column][\/et_pb_row][et_pb_row column_structure=&#8221;1_2,1_2&#8243; _builder_version=&#8221;4.20.0&#8243; _module_preset=&#8221;default&#8221; locked=&#8221;off&#8221; global_colors_info=&#8221;{}&#8221;][et_pb_column type=&#8221;1_2&#8243; _builder_version=&#8221;4.20.0&#8243; _module_preset=&#8221;default&#8221; custom_padding_tablet=&#8221;||30px||false|false&#8221; custom_padding_phone=&#8221;||30px||false|false&#8221; custom_padding_last_edited=&#8221;on|tablet&#8221; global_colors_info=&#8221;{}&#8221;][et_pb_image src=&#8221;https:\/\/oceanicafilms.com\/wp-content\/uploads\/2023\/04\/336485351_247435834331561_2604047924876449106_n.jpg&#8221; title_text=&#8221;336485351_247435834331561_2604047924876449106_n&#8221; show_in_lightbox=&#8221;on&#8221; use_overlay=&#8221;on&#8221; overlay_icon_color=&#8221;#000000&#8243; hover_overlay_color=&#8221;RGBA(255,255,255,0)&#8221; hover_icon=&#8221;&#xf00e;||fa||900&#8243; _builder_version=&#8221;4.21.0&#8243; _module_preset=&#8221;default&#8221; background_color=&#8221;rgba(0,0,0,0.04)&#8221; custom_margin=&#8221;||||false|false&#8221; hover_enabled=&#8221;0&#8243; box_shadow_style=&#8221;preset4&#8243; box_shadow_horizontal=&#8221;0px&#8221; box_shadow_vertical=&#8221;0px&#8221; box_shadow_color=&#8221;rgba(0,0,0,0.05)&#8221; global_colors_info=&#8221;{}&#8221; custom_padding__hover_enabled=&#8221;off|hover&#8221; custom_padding__hover=&#8221;50px|50px|50px|50px|true|true&#8221; box_shadow_vertical__hover_enabled=&#8221;off|hover&#8221; box_shadow_blur__hover_enabled=&#8221;off|hover&#8221; box_shadow_blur__hover=&#8221;0px&#8221; box_shadow_color__hover_enabled=&#8221;off|hover&#8221; box_shadow_color__hover=&#8221;rgba(0,0,0,0.3)&#8221; custom_margin__hover_enabled=&#8221;off|hover&#8221; custom_margin__hover=&#8221;||62px||false|false&#8221; transform_styles__hover_enabled=&#8221;on|hover&#8221; transform_scale__hover_enabled=&#8221;on|hover&#8221; transform_translate__hover_enabled=&#8221;on|desktop&#8221; transform_rotate__hover_enabled=&#8221;on|desktop&#8221; transform_skew__hover_enabled=&#8221;on|desktop&#8221; transform_origin__hover_enabled=&#8221;on|desktop&#8221; transform_scale__hover=&#8221;90%|90%&#8221; box_shadow_spread__hover_enabled=&#8221;on|hover&#8221; box_shadow_spread__hover=&#8221;30px&#8221; sticky_enabled=&#8221;0&#8243;][\/et_pb_image][\/et_pb_column][et_pb_column type=&#8221;1_2&#8243; _builder_version=&#8221;4.20.0&#8243; _module_preset=&#8221;default&#8221; global_colors_info=&#8221;{}&#8221;][et_pb_text _builder_version=&#8221;4.21.0&#8243; _module_preset=&#8221;default&#8221; hover_enabled=&#8221;0&#8243; sticky_enabled=&#8221;0&#8243;]<\/p>\n<p><strong>Production Company:<\/strong><span>Oce\u00e1nica Films, S.L. &amp; \u00c0 Punt M\u00e8dia<br \/><\/span><a class=\"ipc-metadata-list-item__list-content-item ipc-metadata-list-item__list-content-item--link\" role=\"button\" aria-disabled=\"false\" href=\"https:\/\/www.imdb.com\/company\/co0688844?ref_=tt_dt_co_2\" tabindex=\"0\"><\/a><span><\/span><strong>Year of ptoduction:<\/strong><span> 2023<\/span><br \/><strong>IMDb:<\/strong><span> <\/span><a href=\"https:\/\/www.imdb.com\/title\/tt27487021\/?ref_=adv_li_tt\">Open<\/a><br \/><a href=\"https:\/\/www.apuntmedia.es\/documentals\/hercules-cent-anys-d-un-mite_134_1603783.html\">See the documentary<\/a><\/p>\n<p>[\/et_pb_text][\/et_pb_column][\/et_pb_row][et_pb_row _builder_version=&#8221;4.21.0&#8243; _module_preset=&#8221;default&#8221; global_colors_info=&#8221;{}&#8221;][et_pb_column type=&#8221;4_4&#8243; _builder_version=&#8221;4.21.0&#8243; _module_preset=&#8221;default&#8221; global_colors_info=&#8221;{}&#8221;][et_pb_gallery _builder_version=&#8221;4.21.0&#8243; _module_preset=&#8221;default&#8221; gallery_ids=&#8221;7178,7108,7183,7128&#8243; hover_enabled=&#8221;0&#8243; sticky_enabled=&#8221;0&#8243; show_title_and_caption=&#8221;off&#8221; show_pagination=&#8221;off&#8221;][\/et_pb_gallery][\/et_pb_column][\/et_pb_row][\/et_pb_section][et_pb_section fb_built=&#8221;1&#8243; admin_label=&#8221;Footer&#8221; _builder_version=&#8221;4.20.4&#8243; _module_preset=&#8221;default&#8221; background_color=&#8221;#002c59&#8243; custom_padding=&#8221;0px||0px|||&#8221; saved_tabs=&#8221;all&#8221; locked=&#8221;off&#8221; collapsed=&#8221;on&#8221; global_colors_info=&#8221;{}&#8221;][et_pb_row _builder_version=&#8221;4.20.0&#8243; _module_preset=&#8221;default&#8221; global_colors_info=&#8221;{}&#8221;][et_pb_column type=&#8221;4_4&#8243; _builder_version=&#8221;4.20.0&#8243; _module_preset=&#8221;fdba356e-9a09-4061-b1a3-816ac42bcf76&#8243; global_colors_info=&#8221;{}&#8221;][et_pb_image src=&#8221;https:\/\/oceanicafilms.com\/wp-content\/uploads\/2023\/04\/Imdb-Blanco.png&#8221; title_text=&#8221;Imdb logo&#8221; url=&#8221;https:\/\/www.imdb.com\/search\/title\/?companies=co0814300&#8243; url_new_window=&#8221;on&#8221; align=&#8221;center&#8221; _builder_version=&#8221;4.20.4&#8243; _module_preset=&#8221;default&#8221; module_alignment=&#8221;center&#8221; height=&#8221;46px&#8221; custom_margin=&#8221;-7px||12px||false|false&#8221; global_colors_info=&#8221;{}&#8221;][\/et_pb_image][et_pb_social_media_follow _builder_version=&#8221;4.20.4&#8243; _module_preset=&#8221;default&#8221; text_orientation=&#8221;center&#8221; custom_margin=&#8221;||-12px|||&#8221; text_orientation_tablet=&#8221;left&#8221; text_orientation_last_edited=&#8221;off|desktop&#8221; border_radii=&#8221;on|100px|100px|100px|100px&#8221; border_width_all=&#8221;1px&#8221; border_color_all=&#8221;#FFFFFF&#8221; locked=&#8221;off&#8221; global_colors_info=&#8221;{}&#8221;][et_pb_social_media_follow_network social_network=&#8221;facebook&#8221; url=&#8221;https:\/\/www.facebook.com\/oceanicaproducciones&#8221; _builder_version=&#8221;4.20.4&#8243; _module_preset=&#8221;default&#8221; custom_button=&#8221;on&#8221; button_text_color=&#8221;#000000&#8243; button_bg_image=&#8221;https:\/\/oceanicafilms.com\/wp-content\/uploads\/2023\/04\/Facebook.png&#8221; button_bg_enable_image=&#8221;on&#8221; custom_padding=&#8221;4px|4px|4px|4px|true|true&#8221; global_colors_info=&#8221;{}&#8221; follow_button=&#8221;off&#8221; url_new_window=&#8221;on&#8221;]facebook[\/et_pb_social_media_follow_network][et_pb_social_media_follow_network social_network=&#8221;twitter&#8221; url=&#8221;https:\/\/twitter.com\/oceanica_films&#8221; _builder_version=&#8221;4.20.4&#8243; _module_preset=&#8221;default&#8221; custom_padding=&#8221;4px|4px|4px|4px|true|true&#8221; global_colors_info=&#8221;{}&#8221; follow_button=&#8221;off&#8221; url_new_window=&#8221;on&#8221;]twitter[\/et_pb_social_media_follow_network][et_pb_social_media_follow_network social_network=&#8221;instagram&#8221; url=&#8221;https:\/\/www.instagram.com\/oceanica_films\/&#8221; _builder_version=&#8221;4.20.4&#8243; _module_preset=&#8221;default&#8221; custom_padding=&#8221;4px|4px|4px|4px|true|true&#8221; global_colors_info=&#8221;{}&#8221; follow_button=&#8221;off&#8221; url_new_window=&#8221;on&#8221;]instagram[\/et_pb_social_media_follow_network][et_pb_social_media_follow_network social_network=&#8221;vimeo&#8221; url=&#8221;https:\/\/vimeo.com\/user95209713&#8243; icon_color=&#8221;#FFFFFF&#8221; use_icon_font_size=&#8221;on&#8221; icon_font_size=&#8221;20px&#8221; _builder_version=&#8221;4.20.4&#8243; _module_preset=&#8221;default&#8221; background_color=&#8221;RGBA(255,255,255,0)&#8221; background_enable_color=&#8221;on&#8221; global_colors_info=&#8221;{}&#8221; follow_button=&#8221;off&#8221; url_new_window=&#8221;on&#8221;]vimeo[\/et_pb_social_media_follow_network][et_pb_social_media_follow_network social_network=&#8221;youtube&#8221; url=&#8221;https:\/\/www.youtube.com\/@oceanicafilms&#8221; use_icon_font_size=&#8221;on&#8221; icon_font_size=&#8221;20px&#8221; _builder_version=&#8221;4.20.4&#8243; _module_preset=&#8221;default&#8221; background_color=&#8221;RGBA(255,255,255,0)&#8221; background_enable_color=&#8221;on&#8221; global_colors_info=&#8221;{}&#8221; follow_button=&#8221;off&#8221; url_new_window=&#8221;on&#8221;]youtube[\/et_pb_social_media_follow_network][\/et_pb_social_media_follow][\/et_pb_column][\/et_pb_row][et_pb_row column_structure=&#8221;1_3,1_3,1_3&#8243; _builder_version=&#8221;4.20.0&#8243; _module_preset=&#8221;default&#8221; border_color_all=&#8221;gcid-e6f8585f-043d-4f05-ad96-fb05b9e45208&#8243; border_width_top=&#8221;1px&#8221; global_colors_info=&#8221;{%22gcid-e6f8585f-043d-4f05-ad96-fb05b9e45208%22:%91%22border_color_all%22%93}&#8221;][et_pb_column type=&#8221;1_3&#8243; _builder_version=&#8221;4.20.0&#8243; _module_preset=&#8221;fdba356e-9a09-4061-b1a3-816ac42bcf76&#8243; global_colors_info=&#8221;{}&#8221;][et_pb_text _builder_version=&#8221;4.20.0&#8243; _module_preset=&#8221;424079df-e92c-425a-b8cd-816b11a1a0cb&#8221; header_5_text_color=&#8221;#FFFFFF&#8221; custom_margin=&#8221;||0px||false|false&#8221; text_orientation_tablet=&#8221;center&#8221; text_orientation_phone=&#8221;&#8221; text_orientation_last_edited=&#8221;on|tablet&#8221; global_colors_info=&#8221;{}&#8221;]<\/p>\n<h5>location<\/h5>\n<p>[\/et_pb_text][et_pb_text _builder_version=&#8221;4.20.4&#8243; _module_preset=&#8221;fa45fd7c-19c3-45a4-8807-2bc61907f3d4&#8243; text_text_color=&#8221;#FFFFFF&#8221; text_font_size=&#8221;15px&#8221; link_text_color=&#8221;gcid-e6f8585f-043d-4f05-ad96-fb05b9e45208&#8243; custom_padding=&#8221;|0px||||&#8221; text_orientation_tablet=&#8221;center&#8221; text_orientation_phone=&#8221;&#8221; text_orientation_last_edited=&#8221;on|tablet&#8221; global_colors_info=&#8221;{%22gcid-e6f8585f-043d-4f05-ad96-fb05b9e45208%22:%91%22link_text_color%22%93}&#8221;]<\/p>\n<p>Avenida Jean Claude Combaldieu s\/n<br \/>Ciudad de la Luz. Distrito Digital 2, 03008 Alicante<\/p>\n<p>[\/et_pb_text][\/et_pb_column][et_pb_column type=&#8221;1_3&#8243; _builder_version=&#8221;4.20.0&#8243; _module_preset=&#8221;fdba356e-9a09-4061-b1a3-816ac42bcf76&#8243; global_colors_info=&#8221;{}&#8221;][et_pb_text _builder_version=&#8221;4.20.4&#8243; _module_preset=&#8221;424079df-e92c-425a-b8cd-816b11a1a0cb&#8221; header_5_text_color=&#8221;#FFFFFF&#8221; text_orientation=&#8221;center&#8221; custom_margin=&#8221;||0px||false|false&#8221; global_colors_info=&#8221;{}&#8221;]<\/p>\n<h5>telephone<\/h5>\n<p>[\/et_pb_text][et_pb_text _builder_version=&#8221;4.20.4&#8243; _module_preset=&#8221;fa45fd7c-19c3-45a4-8807-2bc61907f3d4&#8243; text_font_size=&#8221;15px&#8221; link_text_color=&#8221;gcid-e6f8585f-043d-4f05-ad96-fb05b9e45208&#8243; text_orientation=&#8221;center&#8221; global_colors_info=&#8221;{%22gcid-e6f8585f-043d-4f05-ad96-fb05b9e45208%22:%91%22link_text_color%22%93}&#8221;]<\/p>\n<p><span style=\"color: #ffffff;\">(+34) 627 96 25 50<\/span><\/p>\n<p>[\/et_pb_text][\/et_pb_column][et_pb_column type=&#8221;1_3&#8243; _builder_version=&#8221;4.20.0&#8243; _module_preset=&#8221;fdba356e-9a09-4061-b1a3-816ac42bcf76&#8243; global_colors_info=&#8221;{}&#8221;][et_pb_text _builder_version=&#8221;4.20.0&#8243; _module_preset=&#8221;424079df-e92c-425a-b8cd-816b11a1a0cb&#8221; header_5_text_color=&#8221;#FFFFFF&#8221; text_orientation=&#8221;right&#8221; custom_margin=&#8221;||0px||false|false&#8221; text_orientation_tablet=&#8221;center&#8221; text_orientation_phone=&#8221;&#8221; text_orientation_last_edited=&#8221;on|tablet&#8221; global_colors_info=&#8221;{}&#8221;]<\/p>\n<h5>E-mail<\/h5>\n<p>[\/et_pb_text][et_pb_text _builder_version=&#8221;4.20.4&#8243; _module_preset=&#8221;fa45fd7c-19c3-45a4-8807-2bc61907f3d4&#8243; text_font_size=&#8221;15px&#8221; link_text_color=&#8221;gcid-e6f8585f-043d-4f05-ad96-fb05b9e45208&#8243; text_orientation=&#8221;right&#8221; text_orientation_tablet=&#8221;center&#8221; text_orientation_phone=&#8221;&#8221; text_orientation_last_edited=&#8221;on|tablet&#8221; global_colors_info=&#8221;{%22gcid-e6f8585f-043d-4f05-ad96-fb05b9e45208%22:%91%22link_text_color%22%93}&#8221;]<\/p>\n<p><span style=\"color: #ffffff;\">info@oceanicafilms.com<\/span><\/p>\n<p>[\/et_pb_text][\/et_pb_column][\/et_pb_row][\/et_pb_section]<\/p>\n","protected":false},"excerpt":{"rendered":"<p>H\u00c9RCULES, 100 YEARS OF A MYTHDocumentary that traces the one hundred years of Hercules&#8217; history CFThe program features former players, coaches and directors of the club who talk about their feelings about the institution and their time in its ranks, as well as the club&#8217;s history.and historians who delve deeper into the origins and the [&hellip;]<\/p>\n","protected":false},"author":3,"featured_media":0,"parent":0,"menu_order":0,"comment_status":"closed","ping_status":"closed","template":"","meta":{"_et_pb_use_builder":"on","_et_pb_old_content":"","_et_gb_content_width":"","footnotes":""},"class_list":["post-7723","page","type-page","status-publish","hentry"],"yoast_head":"<!-- This site is optimized with the Yoast SEO plugin v24.5 - https:\/\/yoast.com\/wordpress\/plugins\/seo\/ -->\n<title>H\u00c9RCULES - Oce\u00e1nica Films<\/title>\n<meta name=\"robots\" content=\"index, follow, max-snippet:-1, max-image-preview:large, max-video-preview:-1\" \/>\n<link rel=\"canonical\" href=\"https:\/\/oceanicafilms.com\/en\/hercules\/\" \/>\n<meta property=\"og:locale\" content=\"en_US\" \/>\n<meta property=\"og:type\" content=\"article\" \/>\n<meta property=\"og:title\" content=\"H\u00c9RCULES - Oce\u00e1nica Films\" \/>\n<meta property=\"og:description\" content=\"H\u00c9RCULES, 100 YEARS OF A MYTHDocumentary that traces the one hundred years of Hercules&#039; history CFThe program features former players, coaches and directors of the club who talk about their feelings about the institution and their time in its ranks, as well as the club&#039;s history.and historians who delve deeper into the origins and the [&hellip;]\" \/>\n<meta property=\"og:url\" content=\"https:\/\/oceanicafilms.com\/en\/hercules\/\" \/>\n<meta property=\"og:site_name\" content=\"Oce\u00e1nica Films\" \/>\n<meta property=\"article:publisher\" content=\"https:\/\/www.facebook.com\/oceanicaproducciones\" \/>\n<meta property=\"article:modified_time\" content=\"2024-02-01T13:12:08+00:00\" \/>\n<meta name=\"twitter:card\" content=\"summary_large_image\" \/>\n<meta name=\"twitter:site\" content=\"@oceanica_films\" \/>\n<meta name=\"twitter:label1\" content=\"Est. reading time\" \/>\n\t<meta name=\"twitter:data1\" content=\"7 minutes\" \/>\n<script type=\"application\/ld+json\" class=\"yoast-schema-graph\">{\"@context\":\"https:\/\/schema.org\",\"@graph\":[{\"@type\":\"WebPage\",\"@id\":\"https:\/\/oceanicafilms.com\/en\/hercules\/\",\"url\":\"https:\/\/oceanicafilms.com\/en\/hercules\/\",\"name\":\"H\u00c9RCULES - Oce\u00e1nica Films\",\"isPartOf\":{\"@id\":\"https:\/\/oceanicafilms.com\/en\/#website\"},\"datePublished\":\"2023-05-16T09:33:39+00:00\",\"dateModified\":\"2024-02-01T13:12:08+00:00\",\"breadcrumb\":{\"@id\":\"https:\/\/oceanicafilms.com\/en\/hercules\/#breadcrumb\"},\"inLanguage\":\"en-US\",\"potentialAction\":[{\"@type\":\"ReadAction\",\"target\":[\"https:\/\/oceanicafilms.com\/en\/hercules\/\"]}]},{\"@type\":\"BreadcrumbList\",\"@id\":\"https:\/\/oceanicafilms.com\/en\/hercules\/#breadcrumb\",\"itemListElement\":[{\"@type\":\"ListItem\",\"position\":1,\"name\":\"Portada\",\"item\":\"https:\/\/oceanicafilms.com\/en\/landing-page\/\"},{\"@type\":\"ListItem\",\"position\":2,\"name\":\"H\u00c9RCULES\"}]},{\"@type\":\"WebSite\",\"@id\":\"https:\/\/oceanicafilms.com\/en\/#website\",\"url\":\"https:\/\/oceanicafilms.com\/en\/\",\"name\":\"Oce\u00e1nica Films\",\"description\":\"Productora Audiovisual\",\"publisher\":{\"@id\":\"https:\/\/oceanicafilms.com\/en\/#organization\"},\"potentialAction\":[{\"@type\":\"SearchAction\",\"target\":{\"@type\":\"EntryPoint\",\"urlTemplate\":\"https:\/\/oceanicafilms.com\/en\/?s={search_term_string}\"},\"query-input\":{\"@type\":\"PropertyValueSpecification\",\"valueRequired\":true,\"valueName\":\"search_term_string\"}}],\"inLanguage\":\"en-US\"},{\"@type\":\"Organization\",\"@id\":\"https:\/\/oceanicafilms.com\/en\/#organization\",\"name\":\"Oce\u00e1nica Films\",\"url\":\"https:\/\/oceanicafilms.com\/en\/\",\"logo\":{\"@type\":\"ImageObject\",\"inLanguage\":\"en-US\",\"@id\":\"https:\/\/oceanicafilms.com\/en\/#\/schema\/logo\/image\/\",\"url\":\"https:\/\/oceanicafilms.com\/wp-content\/uploads\/2023\/05\/Logo-OCEANICA-FILMS-DEF_negro_ALPHA.png\",\"contentUrl\":\"https:\/\/oceanicafilms.com\/wp-content\/uploads\/2023\/05\/Logo-OCEANICA-FILMS-DEF_negro_ALPHA.png\",\"width\":3037,\"height\":1512,\"caption\":\"Oce\u00e1nica Films\"},\"image\":{\"@id\":\"https:\/\/oceanicafilms.com\/en\/#\/schema\/logo\/image\/\"},\"sameAs\":[\"https:\/\/www.facebook.com\/oceanicaproducciones\",\"https:\/\/x.com\/oceanica_films\",\"https:\/\/www.linkedin.com\/company\/ocenica-producciones\/\",\"https:\/\/www.instagram.com\/oceanica_films\/\",\"https:\/\/www.youtube.com\/@oceanicafilms\"]}]}<\/script>\n<!-- \/ Yoast SEO plugin. -->","yoast_head_json":{"title":"H\u00c9RCULES - Oce\u00e1nica Films","robots":{"index":"index","follow":"follow","max-snippet":"max-snippet:-1","max-image-preview":"max-image-preview:large","max-video-preview":"max-video-preview:-1"},"canonical":"https:\/\/oceanicafilms.com\/en\/hercules\/","og_locale":"en_US","og_type":"article","og_title":"H\u00c9RCULES - Oce\u00e1nica Films","og_description":"H\u00c9RCULES, 100 YEARS OF A MYTHDocumentary that traces the one hundred years of Hercules' history CFThe program features former players, coaches and directors of the club who talk about their feelings about the institution and their time in its ranks, as well as the club's history.and historians who delve deeper into the origins and the [&hellip;]","og_url":"https:\/\/oceanicafilms.com\/en\/hercules\/","og_site_name":"Oce\u00e1nica Films","article_publisher":"https:\/\/www.facebook.com\/oceanicaproducciones","article_modified_time":"2024-02-01T13:12:08+00:00","twitter_card":"summary_large_image","twitter_site":"@oceanica_films","twitter_misc":{"Est. reading time":"7 minutes"},"schema":{"@context":"https:\/\/schema.org","@graph":[{"@type":"WebPage","@id":"https:\/\/oceanicafilms.com\/en\/hercules\/","url":"https:\/\/oceanicafilms.com\/en\/hercules\/","name":"H\u00c9RCULES - Oce\u00e1nica Films","isPartOf":{"@id":"https:\/\/oceanicafilms.com\/en\/#website"},"datePublished":"2023-05-16T09:33:39+00:00","dateModified":"2024-02-01T13:12:08+00:00","breadcrumb":{"@id":"https:\/\/oceanicafilms.com\/en\/hercules\/#breadcrumb"},"inLanguage":"en-US","potentialAction":[{"@type":"ReadAction","target":["https:\/\/oceanicafilms.com\/en\/hercules\/"]}]},{"@type":"BreadcrumbList","@id":"https:\/\/oceanicafilms.com\/en\/hercules\/#breadcrumb","itemListElement":[{"@type":"ListItem","position":1,"name":"Portada","item":"https:\/\/oceanicafilms.com\/en\/landing-page\/"},{"@type":"ListItem","position":2,"name":"H\u00c9RCULES"}]},{"@type":"WebSite","@id":"https:\/\/oceanicafilms.com\/en\/#website","url":"https:\/\/oceanicafilms.com\/en\/","name":"Oce\u00e1nica Films","description":"Productora Audiovisual","publisher":{"@id":"https:\/\/oceanicafilms.com\/en\/#organization"},"potentialAction":[{"@type":"SearchAction","target":{"@type":"EntryPoint","urlTemplate":"https:\/\/oceanicafilms.com\/en\/?s={search_term_string}"},"query-input":{"@type":"PropertyValueSpecification","valueRequired":true,"valueName":"search_term_string"}}],"inLanguage":"en-US"},{"@type":"Organization","@id":"https:\/\/oceanicafilms.com\/en\/#organization","name":"Oce\u00e1nica Films","url":"https:\/\/oceanicafilms.com\/en\/","logo":{"@type":"ImageObject","inLanguage":"en-US","@id":"https:\/\/oceanicafilms.com\/en\/#\/schema\/logo\/image\/","url":"https:\/\/oceanicafilms.com\/wp-content\/uploads\/2023\/05\/Logo-OCEANICA-FILMS-DEF_negro_ALPHA.png","contentUrl":"https:\/\/oceanicafilms.com\/wp-content\/uploads\/2023\/05\/Logo-OCEANICA-FILMS-DEF_negro_ALPHA.png","width":3037,"height":1512,"caption":"Oce\u00e1nica Films"},"image":{"@id":"https:\/\/oceanicafilms.com\/en\/#\/schema\/logo\/image\/"},"sameAs":["https:\/\/www.facebook.com\/oceanicaproducciones","https:\/\/x.com\/oceanica_films","https:\/\/www.linkedin.com\/company\/ocenica-producciones\/","https:\/\/www.instagram.com\/oceanica_films\/","https:\/\/www.youtube.com\/@oceanicafilms"]}]}},"_links":{"self":[{"href":"https:\/\/oceanicafilms.com\/en\/wp-json\/wp\/v2\/pages\/7723","targetHints":{"allow":["GET"]}}],"collection":[{"href":"https:\/\/oceanicafilms.com\/en\/wp-json\/wp\/v2\/pages"}],"about":[{"href":"https:\/\/oceanicafilms.com\/en\/wp-json\/wp\/v2\/types\/page"}],"author":[{"embeddable":true,"href":"https:\/\/oceanicafilms.com\/en\/wp-json\/wp\/v2\/users\/3"}],"replies":[{"embeddable":true,"href":"https:\/\/oceanicafilms.com\/en\/wp-json\/wp\/v2\/comments?post=7723"}],"version-history":[{"count":3,"href":"https:\/\/oceanicafilms.com\/en\/wp-json\/wp\/v2\/pages\/7723\/revisions"}],"predecessor-version":[{"id":7726,"href":"https:\/\/oceanicafilms.com\/en\/wp-json\/wp\/v2\/pages\/7723\/revisions\/7726"}],"wp:attachment":[{"href":"https:\/\/oceanicafilms.com\/en\/wp-json\/wp\/v2\/media?parent=7723"}],"curies":[{"name":"wp","href":"https:\/\/api.w.org\/{rel}","templated":true}]}}