{"id":7667,"date":"2023-08-07T13:41:15","date_gmt":"2023-08-07T11:41:15","guid":{"rendered":"https:\/\/oceanicafilms.com\/el-conclave\/"},"modified":"2024-01-18T13:01:00","modified_gmt":"2024-01-18T12:01:00","slug":"el-conclave","status":"publish","type":"page","link":"https:\/\/oceanicafilms.com\/ca\/el-conclave\/","title":{"rendered":"EL C\u00d3NCLAVE"},"content":{"rendered":"<p>[et_pb_section fb_built=&#8221;1&#8243; admin_label=&#8221;Header&#8221; _builder_version=&#8221;4.20.0&#8243; _module_preset=&#8221;default&#8221; locked=&#8221;off&#8221; collapsed=&#8221;on&#8221; global_colors_info=&#8221;{}&#8221;][et_pb_row _builder_version=&#8221;4.20.0&#8243; _module_preset=&#8221;default&#8221; global_colors_info=&#8221;{}&#8221;][et_pb_column type=&#8221;4_4&#8243; _builder_version=&#8221;4.20.0&#8243; _module_preset=&#8221;default&#8221; global_colors_info=&#8221;{}&#8221;][et_pb_text _builder_version=&#8221;4.20.0&#8243; _module_preset=&#8221;efac0e8a-ad5c-445e-9b2e-f64c8d7daf30&#8243; custom_margin=&#8221;||10px||false|false&#8221; global_colors_info=&#8221;{}&#8221;]<\/p>\n<h1 style=\"text-align: center;\">EL C\u00d3NCLAVE<\/h1>\n<p>[\/et_pb_text][et_pb_text _builder_version=&#8221;4.20.0&#8243; _module_preset=&#8221;703f23f9-76f7-4fcf-9722-dd5d8c89b3a5&#8243; global_colors_info=&#8221;{}&#8221;]<\/p>\n<p><span>Una trucada a mitjanit revela a l&#8217;alcaldesa d&#8217;un poble que la UCO intenverdr\u00e0 l&#8217;ajuntament l&#8217;endem\u00e0 al mat\u00ed. Es reuneis amb els seus regidors per anunciar-los el fet. La consternacio\u0301 inicial es torna indignaci\u00f3 quan l&#8217;alcaldesa i el tinent d&#8217;alcalde que revelen que hi havia un desviament de fons europeus cap al partit.<\/span><\/p>\n<p><span>La alcaldesa precissa d&#8217;un culpable que asumeixi tota la responsabilidad per a deslligar-ho del partit. Ning\u00fa vol assumir-la i amena\u00e7en amb donar a coneixer el fet; no obstant, un dels regidors revela un memorandum on tots tenen draps bruts que volen amagar, despr\u00e9s d&#8217;aix\u00f2, tots son candidats a l&#8217;hora d&#8217;assumir la culpa. El dubte raonable. Les alian\u00e7es, traicions, sorpreses girs i descobriments es succeeixen mentre passa la nit. Ningu vol assumir la culpa.<\/span><\/p>\n<p><span>Les hores passen, els possibles candidats apareixen i desapareixen, els vincles personals afloren o s&#8217;esfumen. La nit acaba i la UCO arriba pero l&#8217;alcaldesa i els regidors encara debateixen qui assumir\u00e0 la culpa.<\/span><\/p>\n<p>[\/et_pb_text][\/et_pb_column][\/et_pb_row][et_pb_row column_structure=&#8221;1_2,1_2&#8243; _builder_version=&#8221;4.20.0&#8243; _module_preset=&#8221;default&#8221; locked=&#8221;off&#8221; global_colors_info=&#8221;{}&#8221;][et_pb_column type=&#8221;1_2&#8243; _builder_version=&#8221;4.20.0&#8243; _module_preset=&#8221;default&#8221; custom_padding_tablet=&#8221;||30px||false|false&#8221; custom_padding_phone=&#8221;||30px||false|false&#8221; custom_padding_last_edited=&#8221;on|tablet&#8221; global_colors_info=&#8221;{}&#8221;][et_pb_image src=&#8221;https:\/\/oceanicafilms.com\/wp-content\/uploads\/2023\/08\/Portada-Vertical-El-Conclave-2-pdf.jpg&#8221; title_text=&#8221;Portada El C\u00f3nclave&#8221; show_in_lightbox=&#8221;on&#8221; use_overlay=&#8221;on&#8221; overlay_icon_color=&#8221;#000000&#8243; hover_overlay_color=&#8221;RGBA(255,255,255,0)&#8221; hover_icon=&#8221;&#xf00e;||fa||900&#8243; _builder_version=&#8221;4.21.0&#8243; _module_preset=&#8221;default&#8221; background_color=&#8221;rgba(0,0,0,0.04)&#8221; custom_margin=&#8221;||||false|false&#8221; box_shadow_style=&#8221;preset4&#8243; box_shadow_horizontal=&#8221;0px&#8221; box_shadow_vertical=&#8221;0px&#8221; box_shadow_color=&#8221;rgba(0,0,0,0.05)&#8221; global_colors_info=&#8221;{}&#8221; custom_padding__hover_enabled=&#8221;off|hover&#8221; custom_padding__hover=&#8221;50px|50px|50px|50px|true|true&#8221; box_shadow_vertical__hover_enabled=&#8221;off|hover&#8221; box_shadow_blur__hover_enabled=&#8221;off|hover&#8221; box_shadow_blur__hover=&#8221;0px&#8221; box_shadow_color__hover_enabled=&#8221;off|hover&#8221; box_shadow_color__hover=&#8221;rgba(0,0,0,0.3)&#8221; custom_margin__hover_enabled=&#8221;off|hover&#8221; custom_margin__hover=&#8221;||62px||false|false&#8221; transform_styles__hover_enabled=&#8221;on|hover&#8221; transform_scale__hover_enabled=&#8221;on|hover&#8221; transform_translate__hover_enabled=&#8221;on|desktop&#8221; transform_rotate__hover_enabled=&#8221;on|desktop&#8221; transform_skew__hover_enabled=&#8221;on|desktop&#8221; transform_origin__hover_enabled=&#8221;on|desktop&#8221; transform_scale__hover=&#8221;90%|90%&#8221; box_shadow_spread__hover_enabled=&#8221;on|hover&#8221; box_shadow_spread__hover=&#8221;30px&#8221;][\/et_pb_image][\/et_pb_column][et_pb_column type=&#8221;1_2&#8243; _builder_version=&#8221;4.20.0&#8243; _module_preset=&#8221;default&#8221; global_colors_info=&#8221;{}&#8221;][et_pb_text _builder_version=&#8221;4.21.0&#8243; _module_preset=&#8221;default&#8221; hover_enabled=&#8221;0&#8243; global_colors_info=&#8221;{}&#8221; sticky_enabled=&#8221;0&#8243;]<\/p>\n<p><strong>Productora:<\/strong><span>Oce\u00e1nica Films, S.L.<br \/><\/span><b>Proyecto en desarrollo<\/b><\/p>\n<p>[\/et_pb_text][\/et_pb_column][\/et_pb_row][\/et_pb_section]<\/p>\n","protected":false},"excerpt":{"rendered":"<p>EL C\u00d3NCLAVEUna trucada a mitjanit revela a l&#8217;alcaldesa d&#8217;un poble que la UCO intenverdr\u00e0 l&#8217;ajuntament l&#8217;endem\u00e0 al mat\u00ed. Es reuneis amb els seus regidors per anunciar-los el fet. La consternacio\u0301 inicial es torna indignaci\u00f3 quan l&#8217;alcaldesa i el tinent d&#8217;alcalde que revelen que hi havia un desviament de fons europeus cap al partit. La alcaldesa [&hellip;]<\/p>\n","protected":false},"author":3,"featured_media":0,"parent":0,"menu_order":0,"comment_status":"closed","ping_status":"closed","template":"","meta":{"_et_pb_use_builder":"on","_et_pb_old_content":"","_et_gb_content_width":"","footnotes":""},"class_list":["post-7667","page","type-page","status-publish","hentry"],"yoast_head":"<!-- This site is optimized with the Yoast SEO plugin v24.5 - https:\/\/yoast.com\/wordpress\/plugins\/seo\/ -->\n<title>EL C\u00d3NCLAVE - Oce\u00e1nica Films<\/title>\n<meta name=\"robots\" content=\"index, follow, max-snippet:-1, max-image-preview:large, max-video-preview:-1\" \/>\n<link rel=\"canonical\" href=\"https:\/\/oceanicafilms.com\/ca\/el-conclave\/\" \/>\n<meta property=\"og:locale\" content=\"ca_ES\" \/>\n<meta property=\"og:type\" content=\"article\" \/>\n<meta property=\"og:title\" content=\"EL C\u00d3NCLAVE - Oce\u00e1nica Films\" \/>\n<meta property=\"og:description\" content=\"EL C\u00d3NCLAVEUna trucada a mitjanit revela a l&#039;alcaldesa d&#039;un poble que la UCO intenverdr\u00e0 l&#039;ajuntament l&#039;endem\u00e0 al mat\u00ed. Es reuneis amb els seus regidors per anunciar-los el fet. La consternacio\u0301 inicial es torna indignaci\u00f3 quan l&#039;alcaldesa i el tinent d&#039;alcalde que revelen que hi havia un desviament de fons europeus cap al partit. La alcaldesa [&hellip;]\" \/>\n<meta property=\"og:url\" content=\"https:\/\/oceanicafilms.com\/ca\/el-conclave\/\" \/>\n<meta property=\"og:site_name\" content=\"Oce\u00e1nica Films\" \/>\n<meta property=\"article:publisher\" content=\"https:\/\/www.facebook.com\/oceanicaproducciones\" \/>\n<meta property=\"article:modified_time\" content=\"2024-01-18T12:01:00+00:00\" \/>\n<meta name=\"twitter:card\" content=\"summary_large_image\" \/>\n<meta name=\"twitter:site\" content=\"@oceanica_films\" \/>\n<meta name=\"twitter:label1\" content=\"Temps estimat de lectura\" \/>\n\t<meta name=\"twitter:data1\" content=\"3 minuts\" \/>\n<script type=\"application\/ld+json\" class=\"yoast-schema-graph\">{\"@context\":\"https:\/\/schema.org\",\"@graph\":[{\"@type\":\"WebPage\",\"@id\":\"https:\/\/oceanicafilms.com\/ca\/el-conclave\/\",\"url\":\"https:\/\/oceanicafilms.com\/ca\/el-conclave\/\",\"name\":\"EL C\u00d3NCLAVE - Oce\u00e1nica Films\",\"isPartOf\":{\"@id\":\"https:\/\/oceanicafilms.com\/ca\/#website\"},\"datePublished\":\"2023-08-07T11:41:15+00:00\",\"dateModified\":\"2024-01-18T12:01:00+00:00\",\"breadcrumb\":{\"@id\":\"https:\/\/oceanicafilms.com\/ca\/el-conclave\/#breadcrumb\"},\"inLanguage\":\"ca\",\"potentialAction\":[{\"@type\":\"ReadAction\",\"target\":[\"https:\/\/oceanicafilms.com\/ca\/el-conclave\/\"]}]},{\"@type\":\"BreadcrumbList\",\"@id\":\"https:\/\/oceanicafilms.com\/ca\/el-conclave\/#breadcrumb\",\"itemListElement\":[{\"@type\":\"ListItem\",\"position\":1,\"name\":\"Portada\",\"item\":\"https:\/\/oceanicafilms.com\/ca\/inici-2\/\"},{\"@type\":\"ListItem\",\"position\":2,\"name\":\"EL C\u00d3NCLAVE\"}]},{\"@type\":\"WebSite\",\"@id\":\"https:\/\/oceanicafilms.com\/ca\/#website\",\"url\":\"https:\/\/oceanicafilms.com\/ca\/\",\"name\":\"Oce\u00e1nica Films\",\"description\":\"Productora Audiovisual\",\"publisher\":{\"@id\":\"https:\/\/oceanicafilms.com\/ca\/#organization\"},\"potentialAction\":[{\"@type\":\"SearchAction\",\"target\":{\"@type\":\"EntryPoint\",\"urlTemplate\":\"https:\/\/oceanicafilms.com\/ca\/?s={search_term_string}\"},\"query-input\":{\"@type\":\"PropertyValueSpecification\",\"valueRequired\":true,\"valueName\":\"search_term_string\"}}],\"inLanguage\":\"ca\"},{\"@type\":\"Organization\",\"@id\":\"https:\/\/oceanicafilms.com\/ca\/#organization\",\"name\":\"Oce\u00e1nica Films\",\"url\":\"https:\/\/oceanicafilms.com\/ca\/\",\"logo\":{\"@type\":\"ImageObject\",\"inLanguage\":\"ca\",\"@id\":\"https:\/\/oceanicafilms.com\/ca\/#\/schema\/logo\/image\/\",\"url\":\"https:\/\/oceanicafilms.com\/wp-content\/uploads\/2023\/05\/Logo-OCEANICA-FILMS-DEF_negro_ALPHA.png\",\"contentUrl\":\"https:\/\/oceanicafilms.com\/wp-content\/uploads\/2023\/05\/Logo-OCEANICA-FILMS-DEF_negro_ALPHA.png\",\"width\":3037,\"height\":1512,\"caption\":\"Oce\u00e1nica Films\"},\"image\":{\"@id\":\"https:\/\/oceanicafilms.com\/ca\/#\/schema\/logo\/image\/\"},\"sameAs\":[\"https:\/\/www.facebook.com\/oceanicaproducciones\",\"https:\/\/x.com\/oceanica_films\",\"https:\/\/www.linkedin.com\/company\/ocenica-producciones\/\",\"https:\/\/www.instagram.com\/oceanica_films\/\",\"https:\/\/www.youtube.com\/@oceanicafilms\"]}]}<\/script>\n<!-- \/ Yoast SEO plugin. -->","yoast_head_json":{"title":"EL C\u00d3NCLAVE - Oce\u00e1nica Films","robots":{"index":"index","follow":"follow","max-snippet":"max-snippet:-1","max-image-preview":"max-image-preview:large","max-video-preview":"max-video-preview:-1"},"canonical":"https:\/\/oceanicafilms.com\/ca\/el-conclave\/","og_locale":"ca_ES","og_type":"article","og_title":"EL C\u00d3NCLAVE - Oce\u00e1nica Films","og_description":"EL C\u00d3NCLAVEUna trucada a mitjanit revela a l'alcaldesa d'un poble que la UCO intenverdr\u00e0 l'ajuntament l'endem\u00e0 al mat\u00ed. Es reuneis amb els seus regidors per anunciar-los el fet. La consternacio\u0301 inicial es torna indignaci\u00f3 quan l'alcaldesa i el tinent d'alcalde que revelen que hi havia un desviament de fons europeus cap al partit. La alcaldesa [&hellip;]","og_url":"https:\/\/oceanicafilms.com\/ca\/el-conclave\/","og_site_name":"Oce\u00e1nica Films","article_publisher":"https:\/\/www.facebook.com\/oceanicaproducciones","article_modified_time":"2024-01-18T12:01:00+00:00","twitter_card":"summary_large_image","twitter_site":"@oceanica_films","twitter_misc":{"Temps estimat de lectura":"3 minuts"},"schema":{"@context":"https:\/\/schema.org","@graph":[{"@type":"WebPage","@id":"https:\/\/oceanicafilms.com\/ca\/el-conclave\/","url":"https:\/\/oceanicafilms.com\/ca\/el-conclave\/","name":"EL C\u00d3NCLAVE - Oce\u00e1nica Films","isPartOf":{"@id":"https:\/\/oceanicafilms.com\/ca\/#website"},"datePublished":"2023-08-07T11:41:15+00:00","dateModified":"2024-01-18T12:01:00+00:00","breadcrumb":{"@id":"https:\/\/oceanicafilms.com\/ca\/el-conclave\/#breadcrumb"},"inLanguage":"ca","potentialAction":[{"@type":"ReadAction","target":["https:\/\/oceanicafilms.com\/ca\/el-conclave\/"]}]},{"@type":"BreadcrumbList","@id":"https:\/\/oceanicafilms.com\/ca\/el-conclave\/#breadcrumb","itemListElement":[{"@type":"ListItem","position":1,"name":"Portada","item":"https:\/\/oceanicafilms.com\/ca\/inici-2\/"},{"@type":"ListItem","position":2,"name":"EL C\u00d3NCLAVE"}]},{"@type":"WebSite","@id":"https:\/\/oceanicafilms.com\/ca\/#website","url":"https:\/\/oceanicafilms.com\/ca\/","name":"Oce\u00e1nica Films","description":"Productora Audiovisual","publisher":{"@id":"https:\/\/oceanicafilms.com\/ca\/#organization"},"potentialAction":[{"@type":"SearchAction","target":{"@type":"EntryPoint","urlTemplate":"https:\/\/oceanicafilms.com\/ca\/?s={search_term_string}"},"query-input":{"@type":"PropertyValueSpecification","valueRequired":true,"valueName":"search_term_string"}}],"inLanguage":"ca"},{"@type":"Organization","@id":"https:\/\/oceanicafilms.com\/ca\/#organization","name":"Oce\u00e1nica Films","url":"https:\/\/oceanicafilms.com\/ca\/","logo":{"@type":"ImageObject","inLanguage":"ca","@id":"https:\/\/oceanicafilms.com\/ca\/#\/schema\/logo\/image\/","url":"https:\/\/oceanicafilms.com\/wp-content\/uploads\/2023\/05\/Logo-OCEANICA-FILMS-DEF_negro_ALPHA.png","contentUrl":"https:\/\/oceanicafilms.com\/wp-content\/uploads\/2023\/05\/Logo-OCEANICA-FILMS-DEF_negro_ALPHA.png","width":3037,"height":1512,"caption":"Oce\u00e1nica Films"},"image":{"@id":"https:\/\/oceanicafilms.com\/ca\/#\/schema\/logo\/image\/"},"sameAs":["https:\/\/www.facebook.com\/oceanicaproducciones","https:\/\/x.com\/oceanica_films","https:\/\/www.linkedin.com\/company\/ocenica-producciones\/","https:\/\/www.instagram.com\/oceanica_films\/","https:\/\/www.youtube.com\/@oceanicafilms"]}]}},"_links":{"self":[{"href":"https:\/\/oceanicafilms.com\/ca\/wp-json\/wp\/v2\/pages\/7667","targetHints":{"allow":["GET"]}}],"collection":[{"href":"https:\/\/oceanicafilms.com\/ca\/wp-json\/wp\/v2\/pages"}],"about":[{"href":"https:\/\/oceanicafilms.com\/ca\/wp-json\/wp\/v2\/types\/page"}],"author":[{"embeddable":true,"href":"https:\/\/oceanicafilms.com\/ca\/wp-json\/wp\/v2\/users\/3"}],"replies":[{"embeddable":true,"href":"https:\/\/oceanicafilms.com\/ca\/wp-json\/wp\/v2\/comments?post=7667"}],"version-history":[{"count":2,"href":"https:\/\/oceanicafilms.com\/ca\/wp-json\/wp\/v2\/pages\/7667\/revisions"}],"predecessor-version":[{"id":7669,"href":"https:\/\/oceanicafilms.com\/ca\/wp-json\/wp\/v2\/pages\/7667\/revisions\/7669"}],"wp:attachment":[{"href":"https:\/\/oceanicafilms.com\/ca\/wp-json\/wp\/v2\/media?parent=7667"}],"curies":[{"name":"wp","href":"https:\/\/api.w.org\/{rel}","templated":true}]}}